{"id":390,"date":"2019-06-17T22:56:53","date_gmt":"2019-06-17T22:56:53","guid":{"rendered":"http:\/\/schaefer4u.de\/schloetter-hp\/?page_id=390"},"modified":"2020-07-12T09:15:35","modified_gmt":"2020-07-12T09:15:35","slug":"career","status":"publish","type":"page","link":"https:\/\/schloetter.de\/en\/career\/","title":{"rendered":"Career"},"content":{"rendered":"","protected":false},"excerpt":{"rendered":"","protected":false},"author":1136,"featured_media":4675,"parent":0,"menu_order":0,"comment_status":"closed","ping_status":"closed","template":"","meta":{"content-type":"","footnotes":""},"class_list":["post-390","page","type-page","status-publish","has-post-thumbnail","hentry"],"yoast_head":"<!-- This site is optimized with the Yoast SEO plugin v22.1 - https:\/\/yoast.com\/wordpress\/plugins\/seo\/ -->\n<title>Schl\u00f6tter - Carrer - Become a member of Schl\u00f6tter<\/title>\n<meta name=\"description\" content=\"Career with Schl\u00f6tter. Current job offers at a family-run company. Safe workplace and apprenticeships at Max Schl\u00f6tter GmbH\" \/>\n<meta name=\"robots\" content=\"index, follow, max-snippet:-1, max-image-preview:large, max-video-preview:-1\" \/>\n<link rel=\"canonical\" href=\"https:\/\/schloetter.de\/en\/career\/\" \/>\n<meta property=\"og:locale\" content=\"en_US\" \/>\n<meta property=\"og:type\" content=\"article\" \/>\n<meta property=\"og:title\" content=\"Schl\u00f6tter - Carrer - Become a member of Schl\u00f6tter\" \/>\n<meta property=\"og:description\" content=\"Career with Schl\u00f6tter. Current job offers at a family-run company. Safe workplace and apprenticeships at Max Schl\u00f6tter GmbH\" \/>\n<meta property=\"og:url\" content=\"https:\/\/schloetter.de\/en\/career\/\" \/>\n<meta property=\"og:site_name\" content=\"Max Schl\u00f6tter GmbH &amp; Co. KG\" \/>\n<meta property=\"article:modified_time\" content=\"2020-07-12T09:15:35+00:00\" \/>\n<meta property=\"og:image\" content=\"https:\/\/schloetter.de\/wp-content\/uploads\/2019\/08\/schloetter-chemie-header-karriere.jpg\" \/>\n\t<meta property=\"og:image:width\" content=\"1700\" \/>\n\t<meta property=\"og:image:height\" content=\"679\" \/>\n\t<meta property=\"og:image:type\" content=\"image\/jpeg\" \/>\n<meta name=\"twitter:card\" content=\"summary_large_image\" \/>\n<script type=\"application\/ld+json\" class=\"yoast-schema-graph\">{\"@context\":\"https:\/\/schema.org\",\"@graph\":[{\"@type\":\"WebPage\",\"@id\":\"https:\/\/schloetter.de\/en\/career\/\",\"url\":\"https:\/\/schloetter.de\/en\/career\/\",\"name\":\"Schl\u00f6tter - Carrer - Become a member of Schl\u00f6tter\",\"isPartOf\":{\"@id\":\"https:\/\/schloetter.de\/en\/#website\"},\"datePublished\":\"2019-06-17T22:56:53+00:00\",\"dateModified\":\"2020-07-12T09:15:35+00:00\",\"description\":\"Career with Schl\u00f6tter. Current job offers at a family-run company. Safe workplace and apprenticeships at Max Schl\u00f6tter GmbH\",\"breadcrumb\":{\"@id\":\"https:\/\/schloetter.de\/en\/career\/#breadcrumb\"},\"inLanguage\":\"en-US\",\"potentialAction\":[{\"@type\":\"ReadAction\",\"target\":[\"https:\/\/schloetter.de\/en\/career\/\"]}]},{\"@type\":\"BreadcrumbList\",\"@id\":\"https:\/\/schloetter.de\/en\/career\/#breadcrumb\",\"itemListElement\":[{\"@type\":\"ListItem\",\"position\":1,\"name\":\"Home\",\"item\":\"https:\/\/schloetter.de\/en\/\"},{\"@type\":\"ListItem\",\"position\":2,\"name\":\"Career\"}]},{\"@type\":\"WebSite\",\"@id\":\"https:\/\/schloetter.de\/en\/#website\",\"url\":\"https:\/\/schloetter.de\/en\/\",\"name\":\"Max Schl\u00f6tter GmbH &amp; Co. KG\",\"description\":\"Galvanotechnik vom Profi\",\"potentialAction\":[{\"@type\":\"SearchAction\",\"target\":{\"@type\":\"EntryPoint\",\"urlTemplate\":\"https:\/\/schloetter.de\/en\/?s={search_term_string}\"},\"query-input\":\"required name=search_term_string\"}],\"inLanguage\":\"en-US\"}]}<\/script>\n<!-- \/ Yoast SEO plugin. -->","yoast_head_json":{"title":"Schl\u00f6tter - Carrer - Become a member of Schl\u00f6tter","description":"Career with Schl\u00f6tter. Current job offers at a family-run company. Safe workplace and apprenticeships at Max Schl\u00f6tter GmbH","robots":{"index":"index","follow":"follow","max-snippet":"max-snippet:-1","max-image-preview":"max-image-preview:large","max-video-preview":"max-video-preview:-1"},"canonical":"https:\/\/schloetter.de\/en\/career\/","og_locale":"en_US","og_type":"article","og_title":"Schl\u00f6tter - Carrer - Become a member of Schl\u00f6tter","og_description":"Career with Schl\u00f6tter. Current job offers at a family-run company. Safe workplace and apprenticeships at Max Schl\u00f6tter GmbH","og_url":"https:\/\/schloetter.de\/en\/career\/","og_site_name":"Max Schl\u00f6tter GmbH &amp; Co. KG","article_modified_time":"2020-07-12T09:15:35+00:00","og_image":[{"width":1700,"height":679,"url":"https:\/\/schloetter.de\/wp-content\/uploads\/2019\/08\/schloetter-chemie-header-karriere.jpg","type":"image\/jpeg"}],"twitter_card":"summary_large_image","schema":{"@context":"https:\/\/schema.org","@graph":[{"@type":"WebPage","@id":"https:\/\/schloetter.de\/en\/career\/","url":"https:\/\/schloetter.de\/en\/career\/","name":"Schl\u00f6tter - Carrer - Become a member of Schl\u00f6tter","isPartOf":{"@id":"https:\/\/schloetter.de\/en\/#website"},"datePublished":"2019-06-17T22:56:53+00:00","dateModified":"2020-07-12T09:15:35+00:00","description":"Career with Schl\u00f6tter. Current job offers at a family-run company. Safe workplace and apprenticeships at Max Schl\u00f6tter GmbH","breadcrumb":{"@id":"https:\/\/schloetter.de\/en\/career\/#breadcrumb"},"inLanguage":"en-US","potentialAction":[{"@type":"ReadAction","target":["https:\/\/schloetter.de\/en\/career\/"]}]},{"@type":"BreadcrumbList","@id":"https:\/\/schloetter.de\/en\/career\/#breadcrumb","itemListElement":[{"@type":"ListItem","position":1,"name":"Home","item":"https:\/\/schloetter.de\/en\/"},{"@type":"ListItem","position":2,"name":"Career"}]},{"@type":"WebSite","@id":"https:\/\/schloetter.de\/en\/#website","url":"https:\/\/schloetter.de\/en\/","name":"Max Schl\u00f6tter GmbH &amp; Co. KG","description":"Galvanotechnik vom Profi","potentialAction":[{"@type":"SearchAction","target":{"@type":"EntryPoint","urlTemplate":"https:\/\/schloetter.de\/en\/?s={search_term_string}"},"query-input":"required name=search_term_string"}],"inLanguage":"en-US"}]}},"_links":{"self":[{"href":"https:\/\/schloetter.de\/en\/wp-json\/wp\/v2\/pages\/390"}],"collection":[{"href":"https:\/\/schloetter.de\/en\/wp-json\/wp\/v2\/pages"}],"about":[{"href":"https:\/\/schloetter.de\/en\/wp-json\/wp\/v2\/types\/page"}],"author":[{"embeddable":true,"href":"https:\/\/schloetter.de\/en\/wp-json\/wp\/v2\/users\/1136"}],"replies":[{"embeddable":true,"href":"https:\/\/schloetter.de\/en\/wp-json\/wp\/v2\/comments?post=390"}],"version-history":[{"count":0,"href":"https:\/\/schloetter.de\/en\/wp-json\/wp\/v2\/pages\/390\/revisions"}],"wp:featuredmedia":[{"embeddable":true,"href":"https:\/\/schloetter.de\/en\/wp-json\/wp\/v2\/media\/4675"}],"wp:attachment":[{"href":"https:\/\/schloetter.de\/en\/wp-json\/wp\/v2\/media?parent=390"}],"curies":[{"name":"wp","href":"https:\/\/api.w.org\/{rel}","templated":true}]}}