{"id":12350,"date":"2020-06-02T08:09:42","date_gmt":"2020-06-02T08:09:42","guid":{"rendered":"https:\/\/schloetter.de\/etain-mat\/"},"modified":"2021-09-30T12:19:05","modified_gmt":"2021-09-30T12:19:05","slug":"etain-mat","status":"publish","type":"page","link":"https:\/\/schloetter.de\/fr\/procedes\/etain\/etain-mat\/","title":{"rendered":"\u00c9tain mat"},"content":{"rendered":"","protected":false},"excerpt":{"rendered":"","protected":false},"author":1136,"featured_media":12352,"parent":12395,"menu_order":0,"comment_status":"closed","ping_status":"closed","template":"","meta":{"content-type":"","footnotes":""},"class_list":["post-12350","page","type-page","status-publish","has-post-thumbnail","hentry"],"yoast_head":"<!-- This site is optimized with the Yoast SEO plugin v22.1 - https:\/\/yoast.com\/wordpress\/plugins\/seo\/ -->\n<title>\u00c9tain mat - Max Schl\u00f6tter GmbH &amp; Co. KG<\/title>\n<meta name=\"description\" content=\"[ Informationen zu Zinnelektrolyten von Schl\u00f6tter (Mattzinn und Glanzzinn). ] [ Zinnschichten werden sowohl in der Lebensmittel- als auch Elektronikindustrie verwendet. ]\" \/>\n<meta name=\"robots\" content=\"index, follow, max-snippet:-1, max-image-preview:large, max-video-preview:-1\" \/>\n<link rel=\"canonical\" href=\"https:\/\/schloetter.de\/fr\/procedes\/etain\/etain-mat\/\" \/>\n<meta property=\"og:locale\" content=\"fr_FR\" \/>\n<meta property=\"og:type\" content=\"article\" \/>\n<meta property=\"og:title\" content=\"\u00c9tain mat - Max Schl\u00f6tter GmbH &amp; Co. KG\" \/>\n<meta property=\"og:description\" content=\"[ Informationen zu Zinnelektrolyten von Schl\u00f6tter (Mattzinn und Glanzzinn). ] [ Zinnschichten werden sowohl in der Lebensmittel- als auch Elektronikindustrie verwendet. ]\" \/>\n<meta property=\"og:url\" content=\"https:\/\/schloetter.de\/fr\/procedes\/etain\/etain-mat\/\" \/>\n<meta property=\"og:site_name\" content=\"Max Schl\u00f6tter GmbH &amp; Co. KG\" \/>\n<meta property=\"article:modified_time\" content=\"2021-09-30T12:19:05+00:00\" \/>\n<meta property=\"og:image\" content=\"https:\/\/schloetter.de\/wp-content\/uploads\/2020\/02\/schloetter-galvanotechnik-verfahren-zinn.jpg\" \/>\n\t<meta property=\"og:image:width\" content=\"2000\" \/>\n\t<meta property=\"og:image:height\" content=\"1499\" \/>\n\t<meta property=\"og:image:type\" content=\"image\/jpeg\" \/>\n<meta name=\"twitter:card\" content=\"summary_large_image\" \/>\n<script type=\"application\/ld+json\" class=\"yoast-schema-graph\">{\"@context\":\"https:\/\/schema.org\",\"@graph\":[{\"@type\":\"WebPage\",\"@id\":\"https:\/\/schloetter.de\/fr\/procedes\/etain\/etain-mat\/\",\"url\":\"https:\/\/schloetter.de\/fr\/procedes\/etain\/etain-mat\/\",\"name\":\"\u00c9tain mat - Max Schl\u00f6tter GmbH &amp; Co. KG\",\"isPartOf\":{\"@id\":\"https:\/\/schloetter.de\/fr\/#website\"},\"datePublished\":\"2020-06-02T08:09:42+00:00\",\"dateModified\":\"2021-09-30T12:19:05+00:00\",\"description\":\"[ Informationen zu Zinnelektrolyten von Schl\u00f6tter (Mattzinn und Glanzzinn). ] [ Zinnschichten werden sowohl in der Lebensmittel- als auch Elektronikindustrie verwendet. ]\",\"breadcrumb\":{\"@id\":\"https:\/\/schloetter.de\/fr\/procedes\/etain\/etain-mat\/#breadcrumb\"},\"inLanguage\":\"fr-FR\",\"potentialAction\":[{\"@type\":\"ReadAction\",\"target\":[\"https:\/\/schloetter.de\/fr\/procedes\/etain\/etain-mat\/\"]}]},{\"@type\":\"BreadcrumbList\",\"@id\":\"https:\/\/schloetter.de\/fr\/procedes\/etain\/etain-mat\/#breadcrumb\",\"itemListElement\":[{\"@type\":\"ListItem\",\"position\":1,\"name\":\"Home\",\"item\":\"https:\/\/schloetter.de\/fr\/\"},{\"@type\":\"ListItem\",\"position\":2,\"name\":\"Proc\u00e9d\u00e9s\",\"item\":\"https:\/\/schloetter.de\/fr\/procedes\/\"},{\"@type\":\"ListItem\",\"position\":3,\"name\":\"\u00c9tain\",\"item\":\"https:\/\/schloetter.de\/fr\/procedes\/etain\/\"},{\"@type\":\"ListItem\",\"position\":4,\"name\":\"\u00c9tain mat\"}]},{\"@type\":\"WebSite\",\"@id\":\"https:\/\/schloetter.de\/fr\/#website\",\"url\":\"https:\/\/schloetter.de\/fr\/\",\"name\":\"Max Schl\u00f6tter GmbH &amp; Co. KG\",\"description\":\"Galvanotechnik vom Profi\",\"potentialAction\":[{\"@type\":\"SearchAction\",\"target\":{\"@type\":\"EntryPoint\",\"urlTemplate\":\"https:\/\/schloetter.de\/fr\/?s={search_term_string}\"},\"query-input\":\"required name=search_term_string\"}],\"inLanguage\":\"fr-FR\"}]}<\/script>\n<!-- \/ Yoast SEO plugin. -->","yoast_head_json":{"title":"\u00c9tain mat - Max Schl\u00f6tter GmbH &amp; Co. KG","description":"[ Informationen zu Zinnelektrolyten von Schl\u00f6tter (Mattzinn und Glanzzinn). ] [ Zinnschichten werden sowohl in der Lebensmittel- als auch Elektronikindustrie verwendet. ]","robots":{"index":"index","follow":"follow","max-snippet":"max-snippet:-1","max-image-preview":"max-image-preview:large","max-video-preview":"max-video-preview:-1"},"canonical":"https:\/\/schloetter.de\/fr\/procedes\/etain\/etain-mat\/","og_locale":"fr_FR","og_type":"article","og_title":"\u00c9tain mat - Max Schl\u00f6tter GmbH &amp; Co. KG","og_description":"[ Informationen zu Zinnelektrolyten von Schl\u00f6tter (Mattzinn und Glanzzinn). ] [ Zinnschichten werden sowohl in der Lebensmittel- als auch Elektronikindustrie verwendet. ]","og_url":"https:\/\/schloetter.de\/fr\/procedes\/etain\/etain-mat\/","og_site_name":"Max Schl\u00f6tter GmbH &amp; Co. KG","article_modified_time":"2021-09-30T12:19:05+00:00","og_image":[{"width":2000,"height":1499,"url":"https:\/\/schloetter.de\/wp-content\/uploads\/2020\/02\/schloetter-galvanotechnik-verfahren-zinn.jpg","type":"image\/jpeg"}],"twitter_card":"summary_large_image","schema":{"@context":"https:\/\/schema.org","@graph":[{"@type":"WebPage","@id":"https:\/\/schloetter.de\/fr\/procedes\/etain\/etain-mat\/","url":"https:\/\/schloetter.de\/fr\/procedes\/etain\/etain-mat\/","name":"\u00c9tain mat - Max Schl\u00f6tter GmbH &amp; Co. KG","isPartOf":{"@id":"https:\/\/schloetter.de\/fr\/#website"},"datePublished":"2020-06-02T08:09:42+00:00","dateModified":"2021-09-30T12:19:05+00:00","description":"[ Informationen zu Zinnelektrolyten von Schl\u00f6tter (Mattzinn und Glanzzinn). ] [ Zinnschichten werden sowohl in der Lebensmittel- als auch Elektronikindustrie verwendet. ]","breadcrumb":{"@id":"https:\/\/schloetter.de\/fr\/procedes\/etain\/etain-mat\/#breadcrumb"},"inLanguage":"fr-FR","potentialAction":[{"@type":"ReadAction","target":["https:\/\/schloetter.de\/fr\/procedes\/etain\/etain-mat\/"]}]},{"@type":"BreadcrumbList","@id":"https:\/\/schloetter.de\/fr\/procedes\/etain\/etain-mat\/#breadcrumb","itemListElement":[{"@type":"ListItem","position":1,"name":"Home","item":"https:\/\/schloetter.de\/fr\/"},{"@type":"ListItem","position":2,"name":"Proc\u00e9d\u00e9s","item":"https:\/\/schloetter.de\/fr\/procedes\/"},{"@type":"ListItem","position":3,"name":"\u00c9tain","item":"https:\/\/schloetter.de\/fr\/procedes\/etain\/"},{"@type":"ListItem","position":4,"name":"\u00c9tain mat"}]},{"@type":"WebSite","@id":"https:\/\/schloetter.de\/fr\/#website","url":"https:\/\/schloetter.de\/fr\/","name":"Max Schl\u00f6tter GmbH &amp; Co. KG","description":"Galvanotechnik vom Profi","potentialAction":[{"@type":"SearchAction","target":{"@type":"EntryPoint","urlTemplate":"https:\/\/schloetter.de\/fr\/?s={search_term_string}"},"query-input":"required name=search_term_string"}],"inLanguage":"fr-FR"}]}},"_links":{"self":[{"href":"https:\/\/schloetter.de\/fr\/wp-json\/wp\/v2\/pages\/12350"}],"collection":[{"href":"https:\/\/schloetter.de\/fr\/wp-json\/wp\/v2\/pages"}],"about":[{"href":"https:\/\/schloetter.de\/fr\/wp-json\/wp\/v2\/types\/page"}],"author":[{"embeddable":true,"href":"https:\/\/schloetter.de\/fr\/wp-json\/wp\/v2\/users\/1136"}],"replies":[{"embeddable":true,"href":"https:\/\/schloetter.de\/fr\/wp-json\/wp\/v2\/comments?post=12350"}],"version-history":[{"count":0,"href":"https:\/\/schloetter.de\/fr\/wp-json\/wp\/v2\/pages\/12350\/revisions"}],"up":[{"embeddable":true,"href":"https:\/\/schloetter.de\/fr\/wp-json\/wp\/v2\/pages\/12395"}],"wp:featuredmedia":[{"embeddable":true,"href":"https:\/\/schloetter.de\/fr\/wp-json\/wp\/v2\/media\/12352"}],"wp:attachment":[{"href":"https:\/\/schloetter.de\/fr\/wp-json\/wp\/v2\/media?parent=12350"}],"curies":[{"name":"wp","href":"https:\/\/api.w.org\/{rel}","templated":true}]}}