{"id":12385,"date":"2019-08-30T11:17:56","date_gmt":"2019-08-30T11:17:56","guid":{"rendered":"https:\/\/schloetter.de\/__trashed\/alliage-detain\/"},"modified":"2021-09-23T13:25:25","modified_gmt":"2021-09-23T13:25:25","slug":"alliage-detain","status":"publish","type":"page","link":"https:\/\/schloetter.de\/fr\/procedes\/alliage-detain\/","title":{"rendered":"Alliage d&rsquo;\u00e9tain"},"content":{"rendered":"","protected":false},"excerpt":{"rendered":"","protected":false},"author":1136,"featured_media":12386,"parent":12142,"menu_order":0,"comment_status":"closed","ping_status":"closed","template":"","meta":{"content-type":"","footnotes":""},"class_list":["post-12385","page","type-page","status-publish","has-post-thumbnail","hentry"],"yoast_head":"<!-- This site is optimized with the Yoast SEO plugin v22.1 - https:\/\/yoast.com\/wordpress\/plugins\/seo\/ -->\n<title>Alliage d&#039;\u00e9tain - Max Schl\u00f6tter GmbH &amp; Co. KG<\/title>\n<meta name=\"description\" content=\"[ Informationen zu Zinnlegierungen von Schl\u00f6tter (ZnPb, ZnBi, ZnAg, Zncu). ] [ Alternativen zu Bleizinn wie Zinn-Bismut, Zinn-Silber und Zinn-Kupfer. ]\" \/>\n<meta name=\"robots\" content=\"index, follow, max-snippet:-1, max-image-preview:large, max-video-preview:-1\" \/>\n<link rel=\"canonical\" href=\"https:\/\/schloetter.de\/fr\/procedes\/alliage-detain\/\" \/>\n<meta property=\"og:locale\" content=\"fr_FR\" \/>\n<meta property=\"og:type\" content=\"article\" \/>\n<meta property=\"og:title\" content=\"Alliage d&#039;\u00e9tain - Max Schl\u00f6tter GmbH &amp; Co. KG\" \/>\n<meta property=\"og:description\" content=\"[ Informationen zu Zinnlegierungen von Schl\u00f6tter (ZnPb, ZnBi, ZnAg, Zncu). ] [ Alternativen zu Bleizinn wie Zinn-Bismut, Zinn-Silber und Zinn-Kupfer. ]\" \/>\n<meta property=\"og:url\" content=\"https:\/\/schloetter.de\/fr\/procedes\/alliage-detain\/\" \/>\n<meta property=\"og:site_name\" content=\"Max Schl\u00f6tter GmbH &amp; Co. KG\" \/>\n<meta property=\"article:modified_time\" content=\"2021-09-23T13:25:25+00:00\" \/>\n<meta property=\"og:image\" content=\"https:\/\/schloetter.de\/wp-content\/uploads\/2020\/02\/schloetter-galvanotechnik-verfahren-zinnlegierungen.jpg\" \/>\n\t<meta property=\"og:image:width\" content=\"2000\" \/>\n\t<meta property=\"og:image:height\" content=\"1499\" \/>\n\t<meta property=\"og:image:type\" content=\"image\/jpeg\" \/>\n<meta name=\"twitter:card\" content=\"summary_large_image\" \/>\n<script type=\"application\/ld+json\" class=\"yoast-schema-graph\">{\"@context\":\"https:\/\/schema.org\",\"@graph\":[{\"@type\":\"WebPage\",\"@id\":\"https:\/\/schloetter.de\/fr\/procedes\/alliage-detain\/\",\"url\":\"https:\/\/schloetter.de\/fr\/procedes\/alliage-detain\/\",\"name\":\"Alliage d'\u00e9tain - Max Schl\u00f6tter GmbH &amp; Co. KG\",\"isPartOf\":{\"@id\":\"https:\/\/schloetter.de\/fr\/#website\"},\"datePublished\":\"2019-08-30T11:17:56+00:00\",\"dateModified\":\"2021-09-23T13:25:25+00:00\",\"description\":\"[ Informationen zu Zinnlegierungen von Schl\u00f6tter (ZnPb, ZnBi, ZnAg, Zncu). ] [ Alternativen zu Bleizinn wie Zinn-Bismut, Zinn-Silber und Zinn-Kupfer. ]\",\"breadcrumb\":{\"@id\":\"https:\/\/schloetter.de\/fr\/procedes\/alliage-detain\/#breadcrumb\"},\"inLanguage\":\"fr-FR\",\"potentialAction\":[{\"@type\":\"ReadAction\",\"target\":[\"https:\/\/schloetter.de\/fr\/procedes\/alliage-detain\/\"]}]},{\"@type\":\"BreadcrumbList\",\"@id\":\"https:\/\/schloetter.de\/fr\/procedes\/alliage-detain\/#breadcrumb\",\"itemListElement\":[{\"@type\":\"ListItem\",\"position\":1,\"name\":\"Home\",\"item\":\"https:\/\/schloetter.de\/fr\/\"},{\"@type\":\"ListItem\",\"position\":2,\"name\":\"Proc\u00e9d\u00e9s\",\"item\":\"https:\/\/schloetter.de\/fr\/procedes\/\"},{\"@type\":\"ListItem\",\"position\":3,\"name\":\"Alliage d&rsquo;\u00e9tain\"}]},{\"@type\":\"WebSite\",\"@id\":\"https:\/\/schloetter.de\/fr\/#website\",\"url\":\"https:\/\/schloetter.de\/fr\/\",\"name\":\"Max Schl\u00f6tter GmbH &amp; Co. KG\",\"description\":\"Galvanotechnik vom Profi\",\"potentialAction\":[{\"@type\":\"SearchAction\",\"target\":{\"@type\":\"EntryPoint\",\"urlTemplate\":\"https:\/\/schloetter.de\/fr\/?s={search_term_string}\"},\"query-input\":\"required name=search_term_string\"}],\"inLanguage\":\"fr-FR\"}]}<\/script>\n<!-- \/ Yoast SEO plugin. -->","yoast_head_json":{"title":"Alliage d'\u00e9tain - Max Schl\u00f6tter GmbH &amp; Co. KG","description":"[ Informationen zu Zinnlegierungen von Schl\u00f6tter (ZnPb, ZnBi, ZnAg, Zncu). ] [ Alternativen zu Bleizinn wie Zinn-Bismut, Zinn-Silber und Zinn-Kupfer. ]","robots":{"index":"index","follow":"follow","max-snippet":"max-snippet:-1","max-image-preview":"max-image-preview:large","max-video-preview":"max-video-preview:-1"},"canonical":"https:\/\/schloetter.de\/fr\/procedes\/alliage-detain\/","og_locale":"fr_FR","og_type":"article","og_title":"Alliage d'\u00e9tain - Max Schl\u00f6tter GmbH &amp; Co. KG","og_description":"[ Informationen zu Zinnlegierungen von Schl\u00f6tter (ZnPb, ZnBi, ZnAg, Zncu). ] [ Alternativen zu Bleizinn wie Zinn-Bismut, Zinn-Silber und Zinn-Kupfer. ]","og_url":"https:\/\/schloetter.de\/fr\/procedes\/alliage-detain\/","og_site_name":"Max Schl\u00f6tter GmbH &amp; Co. KG","article_modified_time":"2021-09-23T13:25:25+00:00","og_image":[{"width":2000,"height":1499,"url":"https:\/\/schloetter.de\/wp-content\/uploads\/2020\/02\/schloetter-galvanotechnik-verfahren-zinnlegierungen.jpg","type":"image\/jpeg"}],"twitter_card":"summary_large_image","schema":{"@context":"https:\/\/schema.org","@graph":[{"@type":"WebPage","@id":"https:\/\/schloetter.de\/fr\/procedes\/alliage-detain\/","url":"https:\/\/schloetter.de\/fr\/procedes\/alliage-detain\/","name":"Alliage d'\u00e9tain - Max Schl\u00f6tter GmbH &amp; Co. KG","isPartOf":{"@id":"https:\/\/schloetter.de\/fr\/#website"},"datePublished":"2019-08-30T11:17:56+00:00","dateModified":"2021-09-23T13:25:25+00:00","description":"[ Informationen zu Zinnlegierungen von Schl\u00f6tter (ZnPb, ZnBi, ZnAg, Zncu). ] [ Alternativen zu Bleizinn wie Zinn-Bismut, Zinn-Silber und Zinn-Kupfer. ]","breadcrumb":{"@id":"https:\/\/schloetter.de\/fr\/procedes\/alliage-detain\/#breadcrumb"},"inLanguage":"fr-FR","potentialAction":[{"@type":"ReadAction","target":["https:\/\/schloetter.de\/fr\/procedes\/alliage-detain\/"]}]},{"@type":"BreadcrumbList","@id":"https:\/\/schloetter.de\/fr\/procedes\/alliage-detain\/#breadcrumb","itemListElement":[{"@type":"ListItem","position":1,"name":"Home","item":"https:\/\/schloetter.de\/fr\/"},{"@type":"ListItem","position":2,"name":"Proc\u00e9d\u00e9s","item":"https:\/\/schloetter.de\/fr\/procedes\/"},{"@type":"ListItem","position":3,"name":"Alliage d&rsquo;\u00e9tain"}]},{"@type":"WebSite","@id":"https:\/\/schloetter.de\/fr\/#website","url":"https:\/\/schloetter.de\/fr\/","name":"Max Schl\u00f6tter GmbH &amp; Co. KG","description":"Galvanotechnik vom Profi","potentialAction":[{"@type":"SearchAction","target":{"@type":"EntryPoint","urlTemplate":"https:\/\/schloetter.de\/fr\/?s={search_term_string}"},"query-input":"required name=search_term_string"}],"inLanguage":"fr-FR"}]}},"_links":{"self":[{"href":"https:\/\/schloetter.de\/fr\/wp-json\/wp\/v2\/pages\/12385"}],"collection":[{"href":"https:\/\/schloetter.de\/fr\/wp-json\/wp\/v2\/pages"}],"about":[{"href":"https:\/\/schloetter.de\/fr\/wp-json\/wp\/v2\/types\/page"}],"author":[{"embeddable":true,"href":"https:\/\/schloetter.de\/fr\/wp-json\/wp\/v2\/users\/1136"}],"replies":[{"embeddable":true,"href":"https:\/\/schloetter.de\/fr\/wp-json\/wp\/v2\/comments?post=12385"}],"version-history":[{"count":0,"href":"https:\/\/schloetter.de\/fr\/wp-json\/wp\/v2\/pages\/12385\/revisions"}],"up":[{"embeddable":true,"href":"https:\/\/schloetter.de\/fr\/wp-json\/wp\/v2\/pages\/12142"}],"wp:featuredmedia":[{"embeddable":true,"href":"https:\/\/schloetter.de\/fr\/wp-json\/wp\/v2\/media\/12386"}],"wp:attachment":[{"href":"https:\/\/schloetter.de\/fr\/wp-json\/wp\/v2\/media?parent=12385"}],"curies":[{"name":"wp","href":"https:\/\/api.w.org\/{rel}","templated":true}]}}