{"id":12388,"date":"2019-08-30T11:18:41","date_gmt":"2019-08-30T11:18:41","guid":{"rendered":"https:\/\/schloetter.de\/__trashed\/nickel-autocatalytique\/"},"modified":"2021-09-23T13:30:46","modified_gmt":"2021-09-23T13:30:46","slug":"nickel-autocatalytique","status":"publish","type":"page","link":"https:\/\/schloetter.de\/fr\/procedes\/nickel-autocatalytique\/","title":{"rendered":"Nickel autocatalytique"},"content":{"rendered":"","protected":false},"excerpt":{"rendered":"","protected":false},"author":1136,"featured_media":22963,"parent":12142,"menu_order":0,"comment_status":"closed","ping_status":"closed","template":"","meta":{"content-type":"","footnotes":""},"class_list":["post-12388","page","type-page","status-publish","has-post-thumbnail","hentry"],"yoast_head":"<!-- This site is optimized with the Yoast SEO plugin v22.1 - https:\/\/yoast.com\/wordpress\/plugins\/seo\/ -->\n<title>Nickel autocatalytique - Max Schl\u00f6tter GmbH &amp; Co. KG<\/title>\n<meta name=\"description\" content=\"[ \u00dcbersicht \u00fcber die Chemisch Nickel-Verfahren (High Phos, Mid Phos, Low Phos) aus der Produktpalette der Dr.-Ing. Max Schl\u00f6tter GmbH &amp; Co. KG. ]\" \/>\n<meta name=\"robots\" content=\"index, follow, max-snippet:-1, max-image-preview:large, max-video-preview:-1\" \/>\n<link rel=\"canonical\" href=\"https:\/\/schloetter.de\/fr\/procedes\/nickel-autocatalytique\/\" \/>\n<meta property=\"og:locale\" content=\"fr_FR\" \/>\n<meta property=\"og:type\" content=\"article\" \/>\n<meta property=\"og:title\" content=\"Nickel autocatalytique - Max Schl\u00f6tter GmbH &amp; Co. KG\" \/>\n<meta property=\"og:description\" content=\"[ \u00dcbersicht \u00fcber die Chemisch Nickel-Verfahren (High Phos, Mid Phos, Low Phos) aus der Produktpalette der Dr.-Ing. Max Schl\u00f6tter GmbH &amp; Co. KG. ]\" \/>\n<meta property=\"og:url\" content=\"https:\/\/schloetter.de\/fr\/procedes\/nickel-autocatalytique\/\" \/>\n<meta property=\"og:site_name\" content=\"Max Schl\u00f6tter GmbH &amp; Co. KG\" \/>\n<meta property=\"article:modified_time\" content=\"2021-09-23T13:30:46+00:00\" \/>\n<meta property=\"og:image\" content=\"https:\/\/schloetter.de\/wp-content\/uploads\/2020\/02\/schloetter-galvanotechnik-verfahren-chemisch-nickel.jpg\" \/>\n\t<meta property=\"og:image:width\" content=\"2000\" \/>\n\t<meta property=\"og:image:height\" content=\"1499\" \/>\n\t<meta property=\"og:image:type\" content=\"image\/jpeg\" \/>\n<meta name=\"twitter:card\" content=\"summary_large_image\" \/>\n<script type=\"application\/ld+json\" class=\"yoast-schema-graph\">{\"@context\":\"https:\/\/schema.org\",\"@graph\":[{\"@type\":\"WebPage\",\"@id\":\"https:\/\/schloetter.de\/fr\/procedes\/nickel-autocatalytique\/\",\"url\":\"https:\/\/schloetter.de\/fr\/procedes\/nickel-autocatalytique\/\",\"name\":\"Nickel autocatalytique - Max Schl\u00f6tter GmbH &amp; Co. KG\",\"isPartOf\":{\"@id\":\"https:\/\/schloetter.de\/fr\/#website\"},\"datePublished\":\"2019-08-30T11:18:41+00:00\",\"dateModified\":\"2021-09-23T13:30:46+00:00\",\"description\":\"[ \u00dcbersicht \u00fcber die Chemisch Nickel-Verfahren (High Phos, Mid Phos, Low Phos) aus der Produktpalette der Dr.-Ing. Max Schl\u00f6tter GmbH & Co. KG. ]\",\"breadcrumb\":{\"@id\":\"https:\/\/schloetter.de\/fr\/procedes\/nickel-autocatalytique\/#breadcrumb\"},\"inLanguage\":\"fr-FR\",\"potentialAction\":[{\"@type\":\"ReadAction\",\"target\":[\"https:\/\/schloetter.de\/fr\/procedes\/nickel-autocatalytique\/\"]}]},{\"@type\":\"BreadcrumbList\",\"@id\":\"https:\/\/schloetter.de\/fr\/procedes\/nickel-autocatalytique\/#breadcrumb\",\"itemListElement\":[{\"@type\":\"ListItem\",\"position\":1,\"name\":\"Home\",\"item\":\"https:\/\/schloetter.de\/fr\/\"},{\"@type\":\"ListItem\",\"position\":2,\"name\":\"Proc\u00e9d\u00e9s\",\"item\":\"https:\/\/schloetter.de\/fr\/procedes\/\"},{\"@type\":\"ListItem\",\"position\":3,\"name\":\"Nickel autocatalytique\"}]},{\"@type\":\"WebSite\",\"@id\":\"https:\/\/schloetter.de\/fr\/#website\",\"url\":\"https:\/\/schloetter.de\/fr\/\",\"name\":\"Max Schl\u00f6tter GmbH &amp; Co. KG\",\"description\":\"Galvanotechnik vom Profi\",\"potentialAction\":[{\"@type\":\"SearchAction\",\"target\":{\"@type\":\"EntryPoint\",\"urlTemplate\":\"https:\/\/schloetter.de\/fr\/?s={search_term_string}\"},\"query-input\":\"required name=search_term_string\"}],\"inLanguage\":\"fr-FR\"}]}<\/script>\n<!-- \/ Yoast SEO plugin. -->","yoast_head_json":{"title":"Nickel autocatalytique - Max Schl\u00f6tter GmbH &amp; Co. KG","description":"[ \u00dcbersicht \u00fcber die Chemisch Nickel-Verfahren (High Phos, Mid Phos, Low Phos) aus der Produktpalette der Dr.-Ing. Max Schl\u00f6tter GmbH & Co. KG. ]","robots":{"index":"index","follow":"follow","max-snippet":"max-snippet:-1","max-image-preview":"max-image-preview:large","max-video-preview":"max-video-preview:-1"},"canonical":"https:\/\/schloetter.de\/fr\/procedes\/nickel-autocatalytique\/","og_locale":"fr_FR","og_type":"article","og_title":"Nickel autocatalytique - Max Schl\u00f6tter GmbH &amp; Co. KG","og_description":"[ \u00dcbersicht \u00fcber die Chemisch Nickel-Verfahren (High Phos, Mid Phos, Low Phos) aus der Produktpalette der Dr.-Ing. Max Schl\u00f6tter GmbH & Co. KG. ]","og_url":"https:\/\/schloetter.de\/fr\/procedes\/nickel-autocatalytique\/","og_site_name":"Max Schl\u00f6tter GmbH &amp; Co. KG","article_modified_time":"2021-09-23T13:30:46+00:00","og_image":[{"width":2000,"height":1499,"url":"https:\/\/schloetter.de\/wp-content\/uploads\/2020\/02\/schloetter-galvanotechnik-verfahren-chemisch-nickel.jpg","type":"image\/jpeg"}],"twitter_card":"summary_large_image","schema":{"@context":"https:\/\/schema.org","@graph":[{"@type":"WebPage","@id":"https:\/\/schloetter.de\/fr\/procedes\/nickel-autocatalytique\/","url":"https:\/\/schloetter.de\/fr\/procedes\/nickel-autocatalytique\/","name":"Nickel autocatalytique - Max Schl\u00f6tter GmbH &amp; Co. KG","isPartOf":{"@id":"https:\/\/schloetter.de\/fr\/#website"},"datePublished":"2019-08-30T11:18:41+00:00","dateModified":"2021-09-23T13:30:46+00:00","description":"[ \u00dcbersicht \u00fcber die Chemisch Nickel-Verfahren (High Phos, Mid Phos, Low Phos) aus der Produktpalette der Dr.-Ing. Max Schl\u00f6tter GmbH & Co. KG. ]","breadcrumb":{"@id":"https:\/\/schloetter.de\/fr\/procedes\/nickel-autocatalytique\/#breadcrumb"},"inLanguage":"fr-FR","potentialAction":[{"@type":"ReadAction","target":["https:\/\/schloetter.de\/fr\/procedes\/nickel-autocatalytique\/"]}]},{"@type":"BreadcrumbList","@id":"https:\/\/schloetter.de\/fr\/procedes\/nickel-autocatalytique\/#breadcrumb","itemListElement":[{"@type":"ListItem","position":1,"name":"Home","item":"https:\/\/schloetter.de\/fr\/"},{"@type":"ListItem","position":2,"name":"Proc\u00e9d\u00e9s","item":"https:\/\/schloetter.de\/fr\/procedes\/"},{"@type":"ListItem","position":3,"name":"Nickel autocatalytique"}]},{"@type":"WebSite","@id":"https:\/\/schloetter.de\/fr\/#website","url":"https:\/\/schloetter.de\/fr\/","name":"Max Schl\u00f6tter GmbH &amp; Co. KG","description":"Galvanotechnik vom Profi","potentialAction":[{"@type":"SearchAction","target":{"@type":"EntryPoint","urlTemplate":"https:\/\/schloetter.de\/fr\/?s={search_term_string}"},"query-input":"required name=search_term_string"}],"inLanguage":"fr-FR"}]}},"_links":{"self":[{"href":"https:\/\/schloetter.de\/fr\/wp-json\/wp\/v2\/pages\/12388"}],"collection":[{"href":"https:\/\/schloetter.de\/fr\/wp-json\/wp\/v2\/pages"}],"about":[{"href":"https:\/\/schloetter.de\/fr\/wp-json\/wp\/v2\/types\/page"}],"author":[{"embeddable":true,"href":"https:\/\/schloetter.de\/fr\/wp-json\/wp\/v2\/users\/1136"}],"replies":[{"embeddable":true,"href":"https:\/\/schloetter.de\/fr\/wp-json\/wp\/v2\/comments?post=12388"}],"version-history":[{"count":0,"href":"https:\/\/schloetter.de\/fr\/wp-json\/wp\/v2\/pages\/12388\/revisions"}],"up":[{"embeddable":true,"href":"https:\/\/schloetter.de\/fr\/wp-json\/wp\/v2\/pages\/12142"}],"wp:featuredmedia":[{"embeddable":true,"href":"https:\/\/schloetter.de\/fr\/wp-json\/wp\/v2\/media\/22963"}],"wp:attachment":[{"href":"https:\/\/schloetter.de\/fr\/wp-json\/wp\/v2\/media?parent=12388"}],"curies":[{"name":"wp","href":"https:\/\/api.w.org\/{rel}","templated":true}]}}