{"id":12438,"date":"2019-07-29T11:48:39","date_gmt":"2019-07-29T11:48:39","guid":{"rendered":"https:\/\/schloetter.de\/unsere-leistungen\/"},"modified":"2021-09-29T11:52:31","modified_gmt":"2021-09-29T11:52:31","slug":"unsere-leistungen","status":"publish","type":"page","link":"https:\/\/schloetter.de\/fr\/unsere-leistungen\/","title":{"rendered":"Nos services"},"content":{"rendered":"","protected":false},"excerpt":{"rendered":"","protected":false},"author":1136,"featured_media":10317,"parent":0,"menu_order":0,"comment_status":"closed","ping_status":"closed","template":"","meta":{"content-type":"","footnotes":""},"class_list":["post-12438","page","type-page","status-publish","has-post-thumbnail","hentry"],"yoast_head":"<!-- This site is optimized with the Yoast SEO plugin v22.1 - https:\/\/yoast.com\/wordpress\/plugins\/seo\/ -->\n<title>[ Schl\u00f6tter \u2013 Unsere Leistungen bei Anlagenbau und Anlagenmodernisierung ]<\/title>\n<meta name=\"description\" content=\"[Wir k\u00fcmmern uns um: Beh\u00e4lterteile, Transportsysteme, Schaltschr\u00e4nke, Anlagensteuerung, Verrohrung &amp; Verkabelung. ] [Eben Service by Schl\u00f6tter ]\" \/>\n<meta name=\"robots\" content=\"index, follow, max-snippet:-1, max-image-preview:large, max-video-preview:-1\" \/>\n<link rel=\"canonical\" href=\"https:\/\/schloetter.de\/fr\/unsere-leistungen\/\" \/>\n<meta property=\"og:locale\" content=\"fr_FR\" \/>\n<meta property=\"og:type\" content=\"article\" \/>\n<meta property=\"og:title\" content=\"[ Schl\u00f6tter \u2013 Unsere Leistungen bei Anlagenbau und Anlagenmodernisierung ]\" \/>\n<meta property=\"og:description\" content=\"[Wir k\u00fcmmern uns um: Beh\u00e4lterteile, Transportsysteme, Schaltschr\u00e4nke, Anlagensteuerung, Verrohrung &amp; Verkabelung. ] [Eben Service by Schl\u00f6tter ]\" \/>\n<meta property=\"og:url\" content=\"https:\/\/schloetter.de\/fr\/unsere-leistungen\/\" \/>\n<meta property=\"og:site_name\" content=\"Max Schl\u00f6tter GmbH &amp; Co. KG\" \/>\n<meta property=\"article:modified_time\" content=\"2021-09-29T11:52:31+00:00\" \/>\n<meta property=\"og:image\" content=\"https:\/\/schloetter.de\/wp-content\/uploads\/2020\/05\/schloetter-galvanotechnik-anlagentechnik-9973.gif\" \/>\n\t<meta property=\"og:image:width\" content=\"1700\" \/>\n\t<meta property=\"og:image:height\" content=\"600\" \/>\n\t<meta property=\"og:image:type\" content=\"image\/gif\" \/>\n<meta name=\"twitter:card\" content=\"summary_large_image\" \/>\n<script type=\"application\/ld+json\" class=\"yoast-schema-graph\">{\"@context\":\"https:\/\/schema.org\",\"@graph\":[{\"@type\":\"WebPage\",\"@id\":\"https:\/\/schloetter.de\/fr\/unsere-leistungen\/\",\"url\":\"https:\/\/schloetter.de\/fr\/unsere-leistungen\/\",\"name\":\"[ Schl\u00f6tter \u2013 Unsere Leistungen bei Anlagenbau und Anlagenmodernisierung ]\",\"isPartOf\":{\"@id\":\"https:\/\/schloetter.de\/fr\/#website\"},\"datePublished\":\"2019-07-29T11:48:39+00:00\",\"dateModified\":\"2021-09-29T11:52:31+00:00\",\"description\":\"[Wir k\u00fcmmern uns um: Beh\u00e4lterteile, Transportsysteme, Schaltschr\u00e4nke, Anlagensteuerung, Verrohrung & Verkabelung. ] [Eben Service by Schl\u00f6tter ]\",\"breadcrumb\":{\"@id\":\"https:\/\/schloetter.de\/fr\/unsere-leistungen\/#breadcrumb\"},\"inLanguage\":\"fr-FR\",\"potentialAction\":[{\"@type\":\"ReadAction\",\"target\":[\"https:\/\/schloetter.de\/fr\/unsere-leistungen\/\"]}]},{\"@type\":\"BreadcrumbList\",\"@id\":\"https:\/\/schloetter.de\/fr\/unsere-leistungen\/#breadcrumb\",\"itemListElement\":[{\"@type\":\"ListItem\",\"position\":1,\"name\":\"Home\",\"item\":\"https:\/\/schloetter.de\/fr\/\"},{\"@type\":\"ListItem\",\"position\":2,\"name\":\"Nos services\"}]},{\"@type\":\"WebSite\",\"@id\":\"https:\/\/schloetter.de\/fr\/#website\",\"url\":\"https:\/\/schloetter.de\/fr\/\",\"name\":\"Max Schl\u00f6tter GmbH &amp; Co. KG\",\"description\":\"Galvanotechnik vom Profi\",\"potentialAction\":[{\"@type\":\"SearchAction\",\"target\":{\"@type\":\"EntryPoint\",\"urlTemplate\":\"https:\/\/schloetter.de\/fr\/?s={search_term_string}\"},\"query-input\":\"required name=search_term_string\"}],\"inLanguage\":\"fr-FR\"}]}<\/script>\n<!-- \/ Yoast SEO plugin. -->","yoast_head_json":{"title":"[ Schl\u00f6tter \u2013 Unsere Leistungen bei Anlagenbau und Anlagenmodernisierung ]","description":"[Wir k\u00fcmmern uns um: Beh\u00e4lterteile, Transportsysteme, Schaltschr\u00e4nke, Anlagensteuerung, Verrohrung & Verkabelung. ] [Eben Service by Schl\u00f6tter ]","robots":{"index":"index","follow":"follow","max-snippet":"max-snippet:-1","max-image-preview":"max-image-preview:large","max-video-preview":"max-video-preview:-1"},"canonical":"https:\/\/schloetter.de\/fr\/unsere-leistungen\/","og_locale":"fr_FR","og_type":"article","og_title":"[ Schl\u00f6tter \u2013 Unsere Leistungen bei Anlagenbau und Anlagenmodernisierung ]","og_description":"[Wir k\u00fcmmern uns um: Beh\u00e4lterteile, Transportsysteme, Schaltschr\u00e4nke, Anlagensteuerung, Verrohrung & Verkabelung. ] [Eben Service by Schl\u00f6tter ]","og_url":"https:\/\/schloetter.de\/fr\/unsere-leistungen\/","og_site_name":"Max Schl\u00f6tter GmbH &amp; Co. KG","article_modified_time":"2021-09-29T11:52:31+00:00","og_image":[{"width":1700,"height":600,"url":"https:\/\/schloetter.de\/wp-content\/uploads\/2020\/05\/schloetter-galvanotechnik-anlagentechnik-9973.gif","type":"image\/gif"}],"twitter_card":"summary_large_image","schema":{"@context":"https:\/\/schema.org","@graph":[{"@type":"WebPage","@id":"https:\/\/schloetter.de\/fr\/unsere-leistungen\/","url":"https:\/\/schloetter.de\/fr\/unsere-leistungen\/","name":"[ Schl\u00f6tter \u2013 Unsere Leistungen bei Anlagenbau und Anlagenmodernisierung ]","isPartOf":{"@id":"https:\/\/schloetter.de\/fr\/#website"},"datePublished":"2019-07-29T11:48:39+00:00","dateModified":"2021-09-29T11:52:31+00:00","description":"[Wir k\u00fcmmern uns um: Beh\u00e4lterteile, Transportsysteme, Schaltschr\u00e4nke, Anlagensteuerung, Verrohrung & Verkabelung. ] [Eben Service by Schl\u00f6tter ]","breadcrumb":{"@id":"https:\/\/schloetter.de\/fr\/unsere-leistungen\/#breadcrumb"},"inLanguage":"fr-FR","potentialAction":[{"@type":"ReadAction","target":["https:\/\/schloetter.de\/fr\/unsere-leistungen\/"]}]},{"@type":"BreadcrumbList","@id":"https:\/\/schloetter.de\/fr\/unsere-leistungen\/#breadcrumb","itemListElement":[{"@type":"ListItem","position":1,"name":"Home","item":"https:\/\/schloetter.de\/fr\/"},{"@type":"ListItem","position":2,"name":"Nos services"}]},{"@type":"WebSite","@id":"https:\/\/schloetter.de\/fr\/#website","url":"https:\/\/schloetter.de\/fr\/","name":"Max Schl\u00f6tter GmbH &amp; Co. KG","description":"Galvanotechnik vom Profi","potentialAction":[{"@type":"SearchAction","target":{"@type":"EntryPoint","urlTemplate":"https:\/\/schloetter.de\/fr\/?s={search_term_string}"},"query-input":"required name=search_term_string"}],"inLanguage":"fr-FR"}]}},"_links":{"self":[{"href":"https:\/\/schloetter.de\/fr\/wp-json\/wp\/v2\/pages\/12438"}],"collection":[{"href":"https:\/\/schloetter.de\/fr\/wp-json\/wp\/v2\/pages"}],"about":[{"href":"https:\/\/schloetter.de\/fr\/wp-json\/wp\/v2\/types\/page"}],"author":[{"embeddable":true,"href":"https:\/\/schloetter.de\/fr\/wp-json\/wp\/v2\/users\/1136"}],"replies":[{"embeddable":true,"href":"https:\/\/schloetter.de\/fr\/wp-json\/wp\/v2\/comments?post=12438"}],"version-history":[{"count":0,"href":"https:\/\/schloetter.de\/fr\/wp-json\/wp\/v2\/pages\/12438\/revisions"}],"wp:featuredmedia":[{"embeddable":true,"href":"https:\/\/schloetter.de\/fr\/wp-json\/wp\/v2\/media\/10317"}],"wp:attachment":[{"href":"https:\/\/schloetter.de\/fr\/wp-json\/wp\/v2\/media?parent=12438"}],"curies":[{"name":"wp","href":"https:\/\/api.w.org\/{rel}","templated":true}]}}