{"id":12442,"date":"2020-04-29T09:33:27","date_gmt":"2020-04-29T09:33:27","guid":{"rendered":"https:\/\/schloetter.de\/procedures-speciales\/"},"modified":"2021-10-01T06:49:30","modified_gmt":"2021-10-01T06:49:30","slug":"procedures-speciales","status":"publish","type":"page","link":"https:\/\/schloetter.de\/fr\/procedures-speciales\/","title":{"rendered":"Proc\u00e9dures sp\u00e9ciales"},"content":{"rendered":"","protected":false},"excerpt":{"rendered":"","protected":false},"author":1136,"featured_media":12144,"parent":0,"menu_order":0,"comment_status":"closed","ping_status":"closed","template":"","meta":{"content-type":"","footnotes":""},"class_list":["post-12442","page","type-page","status-publish","has-post-thumbnail","hentry"],"yoast_head":"<!-- This site is optimized with the Yoast SEO plugin v22.1 - https:\/\/yoast.com\/wordpress\/plugins\/seo\/ -->\n<title>Proc\u00e9dures sp\u00e9ciales - Max Schl\u00f6tter GmbH &amp; Co. KG<\/title>\n<meta name=\"description\" content=\"[ Informationen zu den Sonderverfahren von Schl\u00f6tter: Dazu z\u00e4hlen Indium f\u00fcr Pressfit-Verbindungen, Glanzkadmium (Kadizid) und Bismut. ]\" \/>\n<meta name=\"robots\" content=\"index, follow, max-snippet:-1, max-image-preview:large, max-video-preview:-1\" \/>\n<link rel=\"canonical\" href=\"https:\/\/schloetter.de\/fr\/procedures-speciales\/\" \/>\n<meta property=\"og:locale\" content=\"fr_FR\" \/>\n<meta property=\"og:type\" content=\"article\" \/>\n<meta property=\"og:title\" content=\"Proc\u00e9dures sp\u00e9ciales - Max Schl\u00f6tter GmbH &amp; Co. KG\" \/>\n<meta property=\"og:description\" content=\"[ Informationen zu den Sonderverfahren von Schl\u00f6tter: Dazu z\u00e4hlen Indium f\u00fcr Pressfit-Verbindungen, Glanzkadmium (Kadizid) und Bismut. ]\" \/>\n<meta property=\"og:url\" content=\"https:\/\/schloetter.de\/fr\/procedures-speciales\/\" \/>\n<meta property=\"og:site_name\" content=\"Max Schl\u00f6tter GmbH &amp; Co. KG\" \/>\n<meta property=\"article:modified_time\" content=\"2021-10-01T06:49:30+00:00\" \/>\n<meta property=\"og:image\" content=\"https:\/\/schloetter.de\/wp-content\/uploads\/2020\/01\/schloetter-galvanotechnik-galvanotechnik.jpg\" \/>\n\t<meta property=\"og:image:width\" content=\"1700\" \/>\n\t<meta property=\"og:image:height\" content=\"600\" \/>\n\t<meta property=\"og:image:type\" content=\"image\/jpeg\" \/>\n<meta name=\"twitter:card\" content=\"summary_large_image\" \/>\n<script type=\"application\/ld+json\" class=\"yoast-schema-graph\">{\"@context\":\"https:\/\/schema.org\",\"@graph\":[{\"@type\":\"WebPage\",\"@id\":\"https:\/\/schloetter.de\/fr\/procedures-speciales\/\",\"url\":\"https:\/\/schloetter.de\/fr\/procedures-speciales\/\",\"name\":\"Proc\u00e9dures sp\u00e9ciales - Max Schl\u00f6tter GmbH &amp; Co. KG\",\"isPartOf\":{\"@id\":\"https:\/\/schloetter.de\/fr\/#website\"},\"datePublished\":\"2020-04-29T09:33:27+00:00\",\"dateModified\":\"2021-10-01T06:49:30+00:00\",\"description\":\"[ Informationen zu den Sonderverfahren von Schl\u00f6tter: Dazu z\u00e4hlen Indium f\u00fcr Pressfit-Verbindungen, Glanzkadmium (Kadizid) und Bismut. ]\",\"breadcrumb\":{\"@id\":\"https:\/\/schloetter.de\/fr\/procedures-speciales\/#breadcrumb\"},\"inLanguage\":\"fr-FR\",\"potentialAction\":[{\"@type\":\"ReadAction\",\"target\":[\"https:\/\/schloetter.de\/fr\/procedures-speciales\/\"]}]},{\"@type\":\"BreadcrumbList\",\"@id\":\"https:\/\/schloetter.de\/fr\/procedures-speciales\/#breadcrumb\",\"itemListElement\":[{\"@type\":\"ListItem\",\"position\":1,\"name\":\"Home\",\"item\":\"https:\/\/schloetter.de\/fr\/\"},{\"@type\":\"ListItem\",\"position\":2,\"name\":\"Proc\u00e9dures sp\u00e9ciales\"}]},{\"@type\":\"WebSite\",\"@id\":\"https:\/\/schloetter.de\/fr\/#website\",\"url\":\"https:\/\/schloetter.de\/fr\/\",\"name\":\"Max Schl\u00f6tter GmbH &amp; Co. KG\",\"description\":\"Galvanotechnik vom Profi\",\"potentialAction\":[{\"@type\":\"SearchAction\",\"target\":{\"@type\":\"EntryPoint\",\"urlTemplate\":\"https:\/\/schloetter.de\/fr\/?s={search_term_string}\"},\"query-input\":\"required name=search_term_string\"}],\"inLanguage\":\"fr-FR\"}]}<\/script>\n<!-- \/ Yoast SEO plugin. -->","yoast_head_json":{"title":"Proc\u00e9dures sp\u00e9ciales - Max Schl\u00f6tter GmbH &amp; Co. KG","description":"[ Informationen zu den Sonderverfahren von Schl\u00f6tter: Dazu z\u00e4hlen Indium f\u00fcr Pressfit-Verbindungen, Glanzkadmium (Kadizid) und Bismut. ]","robots":{"index":"index","follow":"follow","max-snippet":"max-snippet:-1","max-image-preview":"max-image-preview:large","max-video-preview":"max-video-preview:-1"},"canonical":"https:\/\/schloetter.de\/fr\/procedures-speciales\/","og_locale":"fr_FR","og_type":"article","og_title":"Proc\u00e9dures sp\u00e9ciales - Max Schl\u00f6tter GmbH &amp; Co. KG","og_description":"[ Informationen zu den Sonderverfahren von Schl\u00f6tter: Dazu z\u00e4hlen Indium f\u00fcr Pressfit-Verbindungen, Glanzkadmium (Kadizid) und Bismut. ]","og_url":"https:\/\/schloetter.de\/fr\/procedures-speciales\/","og_site_name":"Max Schl\u00f6tter GmbH &amp; Co. KG","article_modified_time":"2021-10-01T06:49:30+00:00","og_image":[{"width":1700,"height":600,"url":"https:\/\/schloetter.de\/wp-content\/uploads\/2020\/01\/schloetter-galvanotechnik-galvanotechnik.jpg","type":"image\/jpeg"}],"twitter_card":"summary_large_image","schema":{"@context":"https:\/\/schema.org","@graph":[{"@type":"WebPage","@id":"https:\/\/schloetter.de\/fr\/procedures-speciales\/","url":"https:\/\/schloetter.de\/fr\/procedures-speciales\/","name":"Proc\u00e9dures sp\u00e9ciales - Max Schl\u00f6tter GmbH &amp; Co. KG","isPartOf":{"@id":"https:\/\/schloetter.de\/fr\/#website"},"datePublished":"2020-04-29T09:33:27+00:00","dateModified":"2021-10-01T06:49:30+00:00","description":"[ Informationen zu den Sonderverfahren von Schl\u00f6tter: Dazu z\u00e4hlen Indium f\u00fcr Pressfit-Verbindungen, Glanzkadmium (Kadizid) und Bismut. ]","breadcrumb":{"@id":"https:\/\/schloetter.de\/fr\/procedures-speciales\/#breadcrumb"},"inLanguage":"fr-FR","potentialAction":[{"@type":"ReadAction","target":["https:\/\/schloetter.de\/fr\/procedures-speciales\/"]}]},{"@type":"BreadcrumbList","@id":"https:\/\/schloetter.de\/fr\/procedures-speciales\/#breadcrumb","itemListElement":[{"@type":"ListItem","position":1,"name":"Home","item":"https:\/\/schloetter.de\/fr\/"},{"@type":"ListItem","position":2,"name":"Proc\u00e9dures sp\u00e9ciales"}]},{"@type":"WebSite","@id":"https:\/\/schloetter.de\/fr\/#website","url":"https:\/\/schloetter.de\/fr\/","name":"Max Schl\u00f6tter GmbH &amp; Co. KG","description":"Galvanotechnik vom Profi","potentialAction":[{"@type":"SearchAction","target":{"@type":"EntryPoint","urlTemplate":"https:\/\/schloetter.de\/fr\/?s={search_term_string}"},"query-input":"required name=search_term_string"}],"inLanguage":"fr-FR"}]}},"_links":{"self":[{"href":"https:\/\/schloetter.de\/fr\/wp-json\/wp\/v2\/pages\/12442"}],"collection":[{"href":"https:\/\/schloetter.de\/fr\/wp-json\/wp\/v2\/pages"}],"about":[{"href":"https:\/\/schloetter.de\/fr\/wp-json\/wp\/v2\/types\/page"}],"author":[{"embeddable":true,"href":"https:\/\/schloetter.de\/fr\/wp-json\/wp\/v2\/users\/1136"}],"replies":[{"embeddable":true,"href":"https:\/\/schloetter.de\/fr\/wp-json\/wp\/v2\/comments?post=12442"}],"version-history":[{"count":0,"href":"https:\/\/schloetter.de\/fr\/wp-json\/wp\/v2\/pages\/12442\/revisions"}],"wp:featuredmedia":[{"embeddable":true,"href":"https:\/\/schloetter.de\/fr\/wp-json\/wp\/v2\/media\/12144"}],"wp:attachment":[{"href":"https:\/\/schloetter.de\/fr\/wp-json\/wp\/v2\/media?parent=12442"}],"curies":[{"name":"wp","href":"https:\/\/api.w.org\/{rel}","templated":true}]}}