{"id":12522,"date":"2019-07-29T12:48:00","date_gmt":"2019-07-29T12:48:00","guid":{"rendered":"https:\/\/schloetter.de\/service\/analytique\/"},"modified":"2021-09-24T09:21:46","modified_gmt":"2021-09-24T09:21:46","slug":"analytique","status":"publish","type":"page","link":"https:\/\/schloetter.de\/fr\/service\/analytique\/","title":{"rendered":"Analytique"},"content":{"rendered":"","protected":false},"excerpt":{"rendered":"","protected":false},"author":1136,"featured_media":0,"parent":12418,"menu_order":0,"comment_status":"closed","ping_status":"closed","template":"","meta":{"content-type":"","footnotes":""},"class_list":["post-12522","page","type-page","status-publish","hentry"],"yoast_head":"<!-- This site is optimized with the Yoast SEO plugin v22.1 - https:\/\/yoast.com\/wordpress\/plugins\/seo\/ -->\n<title>[ Schl\u00f6tter \u2013 Laboranalyse f\u00fcr Ihrer B\u00e4der &amp; Elektrolyte ]<\/title>\n<meta name=\"description\" content=\"Analytique [ Galvanotechnische &amp; analytische Untersuchung chemischer Verfahren, B\u00e4der &amp; Elektrolyte. ] [ Im modernen Labor mit geschulten Fachkr\u00e4ften ]\" \/>\n<meta name=\"robots\" content=\"index, follow, max-snippet:-1, max-image-preview:large, max-video-preview:-1\" \/>\n<link rel=\"canonical\" href=\"https:\/\/schloetter.de\/fr\/service\/analytique\/\" \/>\n<meta property=\"og:locale\" content=\"fr_FR\" \/>\n<meta property=\"og:type\" content=\"article\" \/>\n<meta property=\"og:title\" content=\"[ Schl\u00f6tter \u2013 Laboranalyse f\u00fcr Ihrer B\u00e4der &amp; Elektrolyte ]\" \/>\n<meta property=\"og:description\" content=\"Analytique [ Galvanotechnische &amp; analytische Untersuchung chemischer Verfahren, B\u00e4der &amp; Elektrolyte. ] [ Im modernen Labor mit geschulten Fachkr\u00e4ften ]\" \/>\n<meta property=\"og:url\" content=\"https:\/\/schloetter.de\/fr\/service\/analytique\/\" \/>\n<meta property=\"og:site_name\" content=\"Max Schl\u00f6tter GmbH &amp; Co. KG\" \/>\n<meta property=\"article:modified_time\" content=\"2021-09-24T09:21:46+00:00\" \/>\n<meta name=\"twitter:card\" content=\"summary_large_image\" \/>\n<script type=\"application\/ld+json\" class=\"yoast-schema-graph\">{\"@context\":\"https:\/\/schema.org\",\"@graph\":[{\"@type\":\"WebPage\",\"@id\":\"https:\/\/schloetter.de\/fr\/service\/analytique\/\",\"url\":\"https:\/\/schloetter.de\/fr\/service\/analytique\/\",\"name\":\"[ Schl\u00f6tter \u2013 Laboranalyse f\u00fcr Ihrer B\u00e4der & Elektrolyte ]\",\"isPartOf\":{\"@id\":\"https:\/\/schloetter.de\/fr\/#website\"},\"datePublished\":\"2019-07-29T12:48:00+00:00\",\"dateModified\":\"2021-09-24T09:21:46+00:00\",\"description\":\"Analytique [ Galvanotechnische & analytische Untersuchung chemischer Verfahren, B\u00e4der & Elektrolyte. ] [ Im modernen Labor mit geschulten Fachkr\u00e4ften ]\",\"breadcrumb\":{\"@id\":\"https:\/\/schloetter.de\/fr\/service\/analytique\/#breadcrumb\"},\"inLanguage\":\"fr-FR\",\"potentialAction\":[{\"@type\":\"ReadAction\",\"target\":[\"https:\/\/schloetter.de\/fr\/service\/analytique\/\"]}]},{\"@type\":\"BreadcrumbList\",\"@id\":\"https:\/\/schloetter.de\/fr\/service\/analytique\/#breadcrumb\",\"itemListElement\":[{\"@type\":\"ListItem\",\"position\":1,\"name\":\"Home\",\"item\":\"https:\/\/schloetter.de\/fr\/\"},{\"@type\":\"ListItem\",\"position\":2,\"name\":\"Service\",\"item\":\"https:\/\/schloetter.de\/fr\/service\/\"},{\"@type\":\"ListItem\",\"position\":3,\"name\":\"Analytique\"}]},{\"@type\":\"WebSite\",\"@id\":\"https:\/\/schloetter.de\/fr\/#website\",\"url\":\"https:\/\/schloetter.de\/fr\/\",\"name\":\"Max Schl\u00f6tter GmbH &amp; Co. KG\",\"description\":\"Galvanotechnik vom Profi\",\"potentialAction\":[{\"@type\":\"SearchAction\",\"target\":{\"@type\":\"EntryPoint\",\"urlTemplate\":\"https:\/\/schloetter.de\/fr\/?s={search_term_string}\"},\"query-input\":\"required name=search_term_string\"}],\"inLanguage\":\"fr-FR\"}]}<\/script>\n<!-- \/ Yoast SEO plugin. -->","yoast_head_json":{"title":"[ Schl\u00f6tter \u2013 Laboranalyse f\u00fcr Ihrer B\u00e4der & Elektrolyte ]","description":"Analytique [ Galvanotechnische & analytische Untersuchung chemischer Verfahren, B\u00e4der & Elektrolyte. ] [ Im modernen Labor mit geschulten Fachkr\u00e4ften ]","robots":{"index":"index","follow":"follow","max-snippet":"max-snippet:-1","max-image-preview":"max-image-preview:large","max-video-preview":"max-video-preview:-1"},"canonical":"https:\/\/schloetter.de\/fr\/service\/analytique\/","og_locale":"fr_FR","og_type":"article","og_title":"[ Schl\u00f6tter \u2013 Laboranalyse f\u00fcr Ihrer B\u00e4der & Elektrolyte ]","og_description":"Analytique [ Galvanotechnische & analytische Untersuchung chemischer Verfahren, B\u00e4der & Elektrolyte. ] [ Im modernen Labor mit geschulten Fachkr\u00e4ften ]","og_url":"https:\/\/schloetter.de\/fr\/service\/analytique\/","og_site_name":"Max Schl\u00f6tter GmbH &amp; Co. KG","article_modified_time":"2021-09-24T09:21:46+00:00","twitter_card":"summary_large_image","schema":{"@context":"https:\/\/schema.org","@graph":[{"@type":"WebPage","@id":"https:\/\/schloetter.de\/fr\/service\/analytique\/","url":"https:\/\/schloetter.de\/fr\/service\/analytique\/","name":"[ Schl\u00f6tter \u2013 Laboranalyse f\u00fcr Ihrer B\u00e4der & Elektrolyte ]","isPartOf":{"@id":"https:\/\/schloetter.de\/fr\/#website"},"datePublished":"2019-07-29T12:48:00+00:00","dateModified":"2021-09-24T09:21:46+00:00","description":"Analytique [ Galvanotechnische & analytische Untersuchung chemischer Verfahren, B\u00e4der & Elektrolyte. ] [ Im modernen Labor mit geschulten Fachkr\u00e4ften ]","breadcrumb":{"@id":"https:\/\/schloetter.de\/fr\/service\/analytique\/#breadcrumb"},"inLanguage":"fr-FR","potentialAction":[{"@type":"ReadAction","target":["https:\/\/schloetter.de\/fr\/service\/analytique\/"]}]},{"@type":"BreadcrumbList","@id":"https:\/\/schloetter.de\/fr\/service\/analytique\/#breadcrumb","itemListElement":[{"@type":"ListItem","position":1,"name":"Home","item":"https:\/\/schloetter.de\/fr\/"},{"@type":"ListItem","position":2,"name":"Service","item":"https:\/\/schloetter.de\/fr\/service\/"},{"@type":"ListItem","position":3,"name":"Analytique"}]},{"@type":"WebSite","@id":"https:\/\/schloetter.de\/fr\/#website","url":"https:\/\/schloetter.de\/fr\/","name":"Max Schl\u00f6tter GmbH &amp; Co. KG","description":"Galvanotechnik vom Profi","potentialAction":[{"@type":"SearchAction","target":{"@type":"EntryPoint","urlTemplate":"https:\/\/schloetter.de\/fr\/?s={search_term_string}"},"query-input":"required name=search_term_string"}],"inLanguage":"fr-FR"}]}},"_links":{"self":[{"href":"https:\/\/schloetter.de\/fr\/wp-json\/wp\/v2\/pages\/12522"}],"collection":[{"href":"https:\/\/schloetter.de\/fr\/wp-json\/wp\/v2\/pages"}],"about":[{"href":"https:\/\/schloetter.de\/fr\/wp-json\/wp\/v2\/types\/page"}],"author":[{"embeddable":true,"href":"https:\/\/schloetter.de\/fr\/wp-json\/wp\/v2\/users\/1136"}],"replies":[{"embeddable":true,"href":"https:\/\/schloetter.de\/fr\/wp-json\/wp\/v2\/comments?post=12522"}],"version-history":[{"count":0,"href":"https:\/\/schloetter.de\/fr\/wp-json\/wp\/v2\/pages\/12522\/revisions"}],"up":[{"embeddable":true,"href":"https:\/\/schloetter.de\/fr\/wp-json\/wp\/v2\/pages\/12418"}],"wp:attachment":[{"href":"https:\/\/schloetter.de\/fr\/wp-json\/wp\/v2\/media?parent=12522"}],"curies":[{"name":"wp","href":"https:\/\/api.w.org\/{rel}","templated":true}]}}