{"id":12526,"date":"2019-07-30T07:00:59","date_gmt":"2019-07-30T07:00:59","guid":{"rendered":"https:\/\/schloetter.de\/emplacements\/"},"modified":"2021-09-24T09:27:58","modified_gmt":"2021-09-24T09:27:58","slug":"emplacements","status":"publish","type":"page","link":"https:\/\/schloetter.de\/fr\/emplacements\/","title":{"rendered":"Emplacements"},"content":{"rendered":"","protected":false},"excerpt":{"rendered":"","protected":false},"author":1136,"featured_media":0,"parent":0,"menu_order":0,"comment_status":"closed","ping_status":"closed","template":"","meta":{"content-type":"","footnotes":""},"class_list":["post-12526","page","type-page","status-publish","hentry"],"yoast_head":"<!-- This site is optimized with the Yoast SEO plugin v22.1 - https:\/\/yoast.com\/wordpress\/plugins\/seo\/ -->\n<title>[ Schl\u00f6tter \u2013 Unsere Standorte in Deutschland und weltweit ]<\/title>\n<meta name=\"description\" content=\"[ Alle Standorte von Schl\u00f6tter in Deutschand, Europa und weltweit mit allen n\u00f6tigen ] Nous sommes l\u00e0 pour vous\" \/>\n<meta name=\"robots\" content=\"index, follow, max-snippet:-1, max-image-preview:large, max-video-preview:-1\" \/>\n<link rel=\"canonical\" href=\"https:\/\/schloetter.de\/fr\/emplacements\/\" \/>\n<meta property=\"og:locale\" content=\"fr_FR\" \/>\n<meta property=\"og:type\" content=\"article\" \/>\n<meta property=\"og:title\" content=\"[ Schl\u00f6tter \u2013 Unsere Standorte in Deutschland und weltweit ]\" \/>\n<meta property=\"og:description\" content=\"[ Alle Standorte von Schl\u00f6tter in Deutschand, Europa und weltweit mit allen n\u00f6tigen ] Nous sommes l\u00e0 pour vous\" \/>\n<meta property=\"og:url\" content=\"https:\/\/schloetter.de\/fr\/emplacements\/\" \/>\n<meta property=\"og:site_name\" content=\"Max Schl\u00f6tter GmbH &amp; Co. KG\" \/>\n<meta property=\"article:modified_time\" content=\"2021-09-24T09:27:58+00:00\" \/>\n<meta name=\"twitter:card\" content=\"summary_large_image\" \/>\n<script type=\"application\/ld+json\" class=\"yoast-schema-graph\">{\"@context\":\"https:\/\/schema.org\",\"@graph\":[{\"@type\":\"WebPage\",\"@id\":\"https:\/\/schloetter.de\/fr\/emplacements\/\",\"url\":\"https:\/\/schloetter.de\/fr\/emplacements\/\",\"name\":\"[ Schl\u00f6tter \u2013 Unsere Standorte in Deutschland und weltweit ]\",\"isPartOf\":{\"@id\":\"https:\/\/schloetter.de\/fr\/#website\"},\"datePublished\":\"2019-07-30T07:00:59+00:00\",\"dateModified\":\"2021-09-24T09:27:58+00:00\",\"description\":\"[ Alle Standorte von Schl\u00f6tter in Deutschand, Europa und weltweit mit allen n\u00f6tigen ] Nous sommes l\u00e0 pour vous\",\"breadcrumb\":{\"@id\":\"https:\/\/schloetter.de\/fr\/emplacements\/#breadcrumb\"},\"inLanguage\":\"fr-FR\",\"potentialAction\":[{\"@type\":\"ReadAction\",\"target\":[\"https:\/\/schloetter.de\/fr\/emplacements\/\"]}]},{\"@type\":\"BreadcrumbList\",\"@id\":\"https:\/\/schloetter.de\/fr\/emplacements\/#breadcrumb\",\"itemListElement\":[{\"@type\":\"ListItem\",\"position\":1,\"name\":\"Home\",\"item\":\"https:\/\/schloetter.de\/fr\/\"},{\"@type\":\"ListItem\",\"position\":2,\"name\":\"Emplacements\"}]},{\"@type\":\"WebSite\",\"@id\":\"https:\/\/schloetter.de\/fr\/#website\",\"url\":\"https:\/\/schloetter.de\/fr\/\",\"name\":\"Max Schl\u00f6tter GmbH &amp; Co. KG\",\"description\":\"Galvanotechnik vom Profi\",\"potentialAction\":[{\"@type\":\"SearchAction\",\"target\":{\"@type\":\"EntryPoint\",\"urlTemplate\":\"https:\/\/schloetter.de\/fr\/?s={search_term_string}\"},\"query-input\":\"required name=search_term_string\"}],\"inLanguage\":\"fr-FR\"}]}<\/script>\n<!-- \/ Yoast SEO plugin. -->","yoast_head_json":{"title":"[ Schl\u00f6tter \u2013 Unsere Standorte in Deutschland und weltweit ]","description":"[ Alle Standorte von Schl\u00f6tter in Deutschand, Europa und weltweit mit allen n\u00f6tigen ] Nous sommes l\u00e0 pour vous","robots":{"index":"index","follow":"follow","max-snippet":"max-snippet:-1","max-image-preview":"max-image-preview:large","max-video-preview":"max-video-preview:-1"},"canonical":"https:\/\/schloetter.de\/fr\/emplacements\/","og_locale":"fr_FR","og_type":"article","og_title":"[ Schl\u00f6tter \u2013 Unsere Standorte in Deutschland und weltweit ]","og_description":"[ Alle Standorte von Schl\u00f6tter in Deutschand, Europa und weltweit mit allen n\u00f6tigen ] Nous sommes l\u00e0 pour vous","og_url":"https:\/\/schloetter.de\/fr\/emplacements\/","og_site_name":"Max Schl\u00f6tter GmbH &amp; Co. KG","article_modified_time":"2021-09-24T09:27:58+00:00","twitter_card":"summary_large_image","schema":{"@context":"https:\/\/schema.org","@graph":[{"@type":"WebPage","@id":"https:\/\/schloetter.de\/fr\/emplacements\/","url":"https:\/\/schloetter.de\/fr\/emplacements\/","name":"[ Schl\u00f6tter \u2013 Unsere Standorte in Deutschland und weltweit ]","isPartOf":{"@id":"https:\/\/schloetter.de\/fr\/#website"},"datePublished":"2019-07-30T07:00:59+00:00","dateModified":"2021-09-24T09:27:58+00:00","description":"[ Alle Standorte von Schl\u00f6tter in Deutschand, Europa und weltweit mit allen n\u00f6tigen ] Nous sommes l\u00e0 pour vous","breadcrumb":{"@id":"https:\/\/schloetter.de\/fr\/emplacements\/#breadcrumb"},"inLanguage":"fr-FR","potentialAction":[{"@type":"ReadAction","target":["https:\/\/schloetter.de\/fr\/emplacements\/"]}]},{"@type":"BreadcrumbList","@id":"https:\/\/schloetter.de\/fr\/emplacements\/#breadcrumb","itemListElement":[{"@type":"ListItem","position":1,"name":"Home","item":"https:\/\/schloetter.de\/fr\/"},{"@type":"ListItem","position":2,"name":"Emplacements"}]},{"@type":"WebSite","@id":"https:\/\/schloetter.de\/fr\/#website","url":"https:\/\/schloetter.de\/fr\/","name":"Max Schl\u00f6tter GmbH &amp; Co. KG","description":"Galvanotechnik vom Profi","potentialAction":[{"@type":"SearchAction","target":{"@type":"EntryPoint","urlTemplate":"https:\/\/schloetter.de\/fr\/?s={search_term_string}"},"query-input":"required name=search_term_string"}],"inLanguage":"fr-FR"}]}},"_links":{"self":[{"href":"https:\/\/schloetter.de\/fr\/wp-json\/wp\/v2\/pages\/12526"}],"collection":[{"href":"https:\/\/schloetter.de\/fr\/wp-json\/wp\/v2\/pages"}],"about":[{"href":"https:\/\/schloetter.de\/fr\/wp-json\/wp\/v2\/types\/page"}],"author":[{"embeddable":true,"href":"https:\/\/schloetter.de\/fr\/wp-json\/wp\/v2\/users\/1136"}],"replies":[{"embeddable":true,"href":"https:\/\/schloetter.de\/fr\/wp-json\/wp\/v2\/comments?post=12526"}],"version-history":[{"count":0,"href":"https:\/\/schloetter.de\/fr\/wp-json\/wp\/v2\/pages\/12526\/revisions"}],"wp:attachment":[{"href":"https:\/\/schloetter.de\/fr\/wp-json\/wp\/v2\/media?parent=12526"}],"curies":[{"name":"wp","href":"https:\/\/api.w.org\/{rel}","templated":true}]}}