{"id":12551,"date":"2019-09-24T12:09:16","date_gmt":"2019-09-24T12:09:16","guid":{"rendered":"https:\/\/schloetter.de\/__trashed\/passivation-chromatation\/passivation-pour-le-zinc\/"},"modified":"2021-09-24T10:04:36","modified_gmt":"2021-09-24T10:04:36","slug":"passivation-pour-le-zinc","status":"publish","type":"page","link":"https:\/\/schloetter.de\/fr\/procedes\/passivation-chromatation\/passivation-pour-le-zinc\/","title":{"rendered":"Passivation pour le zinc"},"content":{"rendered":"","protected":false},"excerpt":{"rendered":"","protected":false},"author":1136,"featured_media":12537,"parent":12545,"menu_order":0,"comment_status":"closed","ping_status":"closed","template":"","meta":{"content-type":"","footnotes":""},"class_list":["post-12551","page","type-page","status-publish","has-post-thumbnail","hentry"],"yoast_head":"<!-- This site is optimized with the Yoast SEO plugin v22.1 - https:\/\/yoast.com\/wordpress\/plugins\/seo\/ -->\n<title>Passivation pour le zinc - Max Schl\u00f6tter GmbH &amp; Co. KG<\/title>\n<meta name=\"description\" content=\"[ Informationen zu Passivierungen von Schl\u00f6tter. ] [ Passivierungen erh\u00f6hen die Korrosionsbest\u00e4ndigkeit von Zink- und Zinklegierungsschichten. ]\" \/>\n<meta name=\"robots\" content=\"index, follow, max-snippet:-1, max-image-preview:large, max-video-preview:-1\" \/>\n<link rel=\"canonical\" href=\"https:\/\/schloetter.de\/fr\/procedes\/passivation-chromatation\/passivation-pour-le-zinc\/\" \/>\n<meta property=\"og:locale\" content=\"fr_FR\" \/>\n<meta property=\"og:type\" content=\"article\" \/>\n<meta property=\"og:title\" content=\"Passivation pour le zinc - Max Schl\u00f6tter GmbH &amp; Co. KG\" \/>\n<meta property=\"og:description\" content=\"[ Informationen zu Passivierungen von Schl\u00f6tter. ] [ Passivierungen erh\u00f6hen die Korrosionsbest\u00e4ndigkeit von Zink- und Zinklegierungsschichten. ]\" \/>\n<meta property=\"og:url\" content=\"https:\/\/schloetter.de\/fr\/procedes\/passivation-chromatation\/passivation-pour-le-zinc\/\" \/>\n<meta property=\"og:site_name\" content=\"Max Schl\u00f6tter GmbH &amp; Co. KG\" \/>\n<meta property=\"article:modified_time\" content=\"2021-09-24T10:04:36+00:00\" \/>\n<meta property=\"og:image\" content=\"https:\/\/schloetter.de\/wp-content\/uploads\/2020\/04\/schloetter-galvanotechnik-verfahren-nachbehandlung.jpg\" \/>\n\t<meta property=\"og:image:width\" content=\"2000\" \/>\n\t<meta property=\"og:image:height\" content=\"706\" \/>\n\t<meta property=\"og:image:type\" content=\"image\/jpeg\" \/>\n<meta name=\"twitter:card\" content=\"summary_large_image\" \/>\n<script type=\"application\/ld+json\" class=\"yoast-schema-graph\">{\"@context\":\"https:\/\/schema.org\",\"@graph\":[{\"@type\":\"WebPage\",\"@id\":\"https:\/\/schloetter.de\/fr\/procedes\/passivation-chromatation\/passivation-pour-le-zinc\/\",\"url\":\"https:\/\/schloetter.de\/fr\/procedes\/passivation-chromatation\/passivation-pour-le-zinc\/\",\"name\":\"Passivation pour le zinc - Max Schl\u00f6tter GmbH &amp; Co. KG\",\"isPartOf\":{\"@id\":\"https:\/\/schloetter.de\/fr\/#website\"},\"datePublished\":\"2019-09-24T12:09:16+00:00\",\"dateModified\":\"2021-09-24T10:04:36+00:00\",\"description\":\"[ Informationen zu Passivierungen von Schl\u00f6tter. ] [ Passivierungen erh\u00f6hen die Korrosionsbest\u00e4ndigkeit von Zink- und Zinklegierungsschichten. ]\",\"breadcrumb\":{\"@id\":\"https:\/\/schloetter.de\/fr\/procedes\/passivation-chromatation\/passivation-pour-le-zinc\/#breadcrumb\"},\"inLanguage\":\"fr-FR\",\"potentialAction\":[{\"@type\":\"ReadAction\",\"target\":[\"https:\/\/schloetter.de\/fr\/procedes\/passivation-chromatation\/passivation-pour-le-zinc\/\"]}]},{\"@type\":\"BreadcrumbList\",\"@id\":\"https:\/\/schloetter.de\/fr\/procedes\/passivation-chromatation\/passivation-pour-le-zinc\/#breadcrumb\",\"itemListElement\":[{\"@type\":\"ListItem\",\"position\":1,\"name\":\"Home\",\"item\":\"https:\/\/schloetter.de\/fr\/\"},{\"@type\":\"ListItem\",\"position\":2,\"name\":\"Proc\u00e9d\u00e9s\",\"item\":\"https:\/\/schloetter.de\/fr\/procedes\/\"},{\"@type\":\"ListItem\",\"position\":3,\"name\":\"Passivation \/ Chromatation\",\"item\":\"https:\/\/schloetter.de\/fr\/procedes\/passivation-chromatation\/\"},{\"@type\":\"ListItem\",\"position\":4,\"name\":\"Passivation pour le zinc\"}]},{\"@type\":\"WebSite\",\"@id\":\"https:\/\/schloetter.de\/fr\/#website\",\"url\":\"https:\/\/schloetter.de\/fr\/\",\"name\":\"Max Schl\u00f6tter GmbH &amp; Co. KG\",\"description\":\"Galvanotechnik vom Profi\",\"potentialAction\":[{\"@type\":\"SearchAction\",\"target\":{\"@type\":\"EntryPoint\",\"urlTemplate\":\"https:\/\/schloetter.de\/fr\/?s={search_term_string}\"},\"query-input\":\"required name=search_term_string\"}],\"inLanguage\":\"fr-FR\"}]}<\/script>\n<!-- \/ Yoast SEO plugin. -->","yoast_head_json":{"title":"Passivation pour le zinc - Max Schl\u00f6tter GmbH &amp; Co. KG","description":"[ Informationen zu Passivierungen von Schl\u00f6tter. ] [ Passivierungen erh\u00f6hen die Korrosionsbest\u00e4ndigkeit von Zink- und Zinklegierungsschichten. ]","robots":{"index":"index","follow":"follow","max-snippet":"max-snippet:-1","max-image-preview":"max-image-preview:large","max-video-preview":"max-video-preview:-1"},"canonical":"https:\/\/schloetter.de\/fr\/procedes\/passivation-chromatation\/passivation-pour-le-zinc\/","og_locale":"fr_FR","og_type":"article","og_title":"Passivation pour le zinc - Max Schl\u00f6tter GmbH &amp; Co. KG","og_description":"[ Informationen zu Passivierungen von Schl\u00f6tter. ] [ Passivierungen erh\u00f6hen die Korrosionsbest\u00e4ndigkeit von Zink- und Zinklegierungsschichten. ]","og_url":"https:\/\/schloetter.de\/fr\/procedes\/passivation-chromatation\/passivation-pour-le-zinc\/","og_site_name":"Max Schl\u00f6tter GmbH &amp; Co. KG","article_modified_time":"2021-09-24T10:04:36+00:00","og_image":[{"width":2000,"height":706,"url":"https:\/\/schloetter.de\/wp-content\/uploads\/2020\/04\/schloetter-galvanotechnik-verfahren-nachbehandlung.jpg","type":"image\/jpeg"}],"twitter_card":"summary_large_image","schema":{"@context":"https:\/\/schema.org","@graph":[{"@type":"WebPage","@id":"https:\/\/schloetter.de\/fr\/procedes\/passivation-chromatation\/passivation-pour-le-zinc\/","url":"https:\/\/schloetter.de\/fr\/procedes\/passivation-chromatation\/passivation-pour-le-zinc\/","name":"Passivation pour le zinc - Max Schl\u00f6tter GmbH &amp; Co. KG","isPartOf":{"@id":"https:\/\/schloetter.de\/fr\/#website"},"datePublished":"2019-09-24T12:09:16+00:00","dateModified":"2021-09-24T10:04:36+00:00","description":"[ Informationen zu Passivierungen von Schl\u00f6tter. ] [ Passivierungen erh\u00f6hen die Korrosionsbest\u00e4ndigkeit von Zink- und Zinklegierungsschichten. ]","breadcrumb":{"@id":"https:\/\/schloetter.de\/fr\/procedes\/passivation-chromatation\/passivation-pour-le-zinc\/#breadcrumb"},"inLanguage":"fr-FR","potentialAction":[{"@type":"ReadAction","target":["https:\/\/schloetter.de\/fr\/procedes\/passivation-chromatation\/passivation-pour-le-zinc\/"]}]},{"@type":"BreadcrumbList","@id":"https:\/\/schloetter.de\/fr\/procedes\/passivation-chromatation\/passivation-pour-le-zinc\/#breadcrumb","itemListElement":[{"@type":"ListItem","position":1,"name":"Home","item":"https:\/\/schloetter.de\/fr\/"},{"@type":"ListItem","position":2,"name":"Proc\u00e9d\u00e9s","item":"https:\/\/schloetter.de\/fr\/procedes\/"},{"@type":"ListItem","position":3,"name":"Passivation \/ Chromatation","item":"https:\/\/schloetter.de\/fr\/procedes\/passivation-chromatation\/"},{"@type":"ListItem","position":4,"name":"Passivation pour le zinc"}]},{"@type":"WebSite","@id":"https:\/\/schloetter.de\/fr\/#website","url":"https:\/\/schloetter.de\/fr\/","name":"Max Schl\u00f6tter GmbH &amp; Co. KG","description":"Galvanotechnik vom Profi","potentialAction":[{"@type":"SearchAction","target":{"@type":"EntryPoint","urlTemplate":"https:\/\/schloetter.de\/fr\/?s={search_term_string}"},"query-input":"required name=search_term_string"}],"inLanguage":"fr-FR"}]}},"_links":{"self":[{"href":"https:\/\/schloetter.de\/fr\/wp-json\/wp\/v2\/pages\/12551"}],"collection":[{"href":"https:\/\/schloetter.de\/fr\/wp-json\/wp\/v2\/pages"}],"about":[{"href":"https:\/\/schloetter.de\/fr\/wp-json\/wp\/v2\/types\/page"}],"author":[{"embeddable":true,"href":"https:\/\/schloetter.de\/fr\/wp-json\/wp\/v2\/users\/1136"}],"replies":[{"embeddable":true,"href":"https:\/\/schloetter.de\/fr\/wp-json\/wp\/v2\/comments?post=12551"}],"version-history":[{"count":0,"href":"https:\/\/schloetter.de\/fr\/wp-json\/wp\/v2\/pages\/12551\/revisions"}],"up":[{"embeddable":true,"href":"https:\/\/schloetter.de\/fr\/wp-json\/wp\/v2\/pages\/12545"}],"wp:featuredmedia":[{"embeddable":true,"href":"https:\/\/schloetter.de\/fr\/wp-json\/wp\/v2\/media\/12537"}],"wp:attachment":[{"href":"https:\/\/schloetter.de\/fr\/wp-json\/wp\/v2\/media?parent=12551"}],"curies":[{"name":"wp","href":"https:\/\/api.w.org\/{rel}","templated":true}]}}