{"id":12223,"date":"2019-08-30T11:14:06","date_gmt":"2019-08-30T11:14:06","guid":{"rendered":"https:\/\/schloetter.de\/processi\/nichel\/"},"modified":"2021-09-30T09:54:46","modified_gmt":"2021-09-30T09:54:46","slug":"nichel","status":"publish","type":"page","link":"https:\/\/schloetter.de\/it\/processi\/nichel\/","title":{"rendered":"Nichel"},"content":{"rendered":"","protected":false},"excerpt":{"rendered":"","protected":false},"author":1136,"featured_media":12224,"parent":12207,"menu_order":0,"comment_status":"closed","ping_status":"closed","template":"","meta":{"content-type":"","footnotes":""},"class_list":["post-12223","page","type-page","status-publish","has-post-thumbnail","hentry"],"yoast_head":"<!-- This site is optimized with the Yoast SEO plugin v22.1 - https:\/\/yoast.com\/wordpress\/plugins\/seo\/ -->\n<title>Nichel - Max Schl\u00f6tter GmbH &amp; Co. KG<\/title>\n<meta name=\"description\" content=\"[Hier finden Sie Informationen zu Nickel-Verfahren (Matt- und Glanznickelb\u00e4der) aus dem Produktportfolio von Schl\u00f6tter.]\" \/>\n<meta name=\"robots\" content=\"index, follow, max-snippet:-1, max-image-preview:large, max-video-preview:-1\" \/>\n<link rel=\"canonical\" href=\"https:\/\/schloetter.de\/it\/processi\/nichel\/\" \/>\n<meta property=\"og:locale\" content=\"it_IT\" \/>\n<meta property=\"og:type\" content=\"article\" \/>\n<meta property=\"og:title\" content=\"Nichel - Max Schl\u00f6tter GmbH &amp; Co. KG\" \/>\n<meta property=\"og:description\" content=\"[Hier finden Sie Informationen zu Nickel-Verfahren (Matt- und Glanznickelb\u00e4der) aus dem Produktportfolio von Schl\u00f6tter.]\" \/>\n<meta property=\"og:url\" content=\"https:\/\/schloetter.de\/it\/processi\/nichel\/\" \/>\n<meta property=\"og:site_name\" content=\"Max Schl\u00f6tter GmbH &amp; Co. KG\" \/>\n<meta property=\"article:modified_time\" content=\"2021-09-30T09:54:46+00:00\" \/>\n<meta property=\"og:image\" content=\"https:\/\/schloetter.de\/wp-content\/uploads\/2020\/04\/schloetter-galvanotechnik-verfahren-nickel.jpg\" \/>\n\t<meta property=\"og:image:width\" content=\"2000\" \/>\n\t<meta property=\"og:image:height\" content=\"706\" \/>\n\t<meta property=\"og:image:type\" content=\"image\/jpeg\" \/>\n<meta name=\"twitter:card\" content=\"summary_large_image\" \/>\n<script type=\"application\/ld+json\" class=\"yoast-schema-graph\">{\"@context\":\"https:\/\/schema.org\",\"@graph\":[{\"@type\":\"WebPage\",\"@id\":\"https:\/\/schloetter.de\/it\/processi\/nichel\/\",\"url\":\"https:\/\/schloetter.de\/it\/processi\/nichel\/\",\"name\":\"Nichel - Max Schl\u00f6tter GmbH &amp; Co. KG\",\"isPartOf\":{\"@id\":\"https:\/\/schloetter.de\/it\/#website\"},\"datePublished\":\"2019-08-30T11:14:06+00:00\",\"dateModified\":\"2021-09-30T09:54:46+00:00\",\"description\":\"[Hier finden Sie Informationen zu Nickel-Verfahren (Matt- und Glanznickelb\u00e4der) aus dem Produktportfolio von Schl\u00f6tter.]\",\"breadcrumb\":{\"@id\":\"https:\/\/schloetter.de\/it\/processi\/nichel\/#breadcrumb\"},\"inLanguage\":\"it-IT\",\"potentialAction\":[{\"@type\":\"ReadAction\",\"target\":[\"https:\/\/schloetter.de\/it\/processi\/nichel\/\"]}]},{\"@type\":\"BreadcrumbList\",\"@id\":\"https:\/\/schloetter.de\/it\/processi\/nichel\/#breadcrumb\",\"itemListElement\":[{\"@type\":\"ListItem\",\"position\":1,\"name\":\"Home\",\"item\":\"https:\/\/schloetter.de\/it\/\"},{\"@type\":\"ListItem\",\"position\":2,\"name\":\"Processi\",\"item\":\"https:\/\/schloetter.de\/it\/processi\/\"},{\"@type\":\"ListItem\",\"position\":3,\"name\":\"Nichel\"}]},{\"@type\":\"WebSite\",\"@id\":\"https:\/\/schloetter.de\/it\/#website\",\"url\":\"https:\/\/schloetter.de\/it\/\",\"name\":\"Max Schl\u00f6tter GmbH &amp; Co. KG\",\"description\":\"Galvanotechnik vom Profi\",\"potentialAction\":[{\"@type\":\"SearchAction\",\"target\":{\"@type\":\"EntryPoint\",\"urlTemplate\":\"https:\/\/schloetter.de\/it\/?s={search_term_string}\"},\"query-input\":\"required name=search_term_string\"}],\"inLanguage\":\"it-IT\"}]}<\/script>\n<!-- \/ Yoast SEO plugin. -->","yoast_head_json":{"title":"Nichel - Max Schl\u00f6tter GmbH &amp; Co. KG","description":"[Hier finden Sie Informationen zu Nickel-Verfahren (Matt- und Glanznickelb\u00e4der) aus dem Produktportfolio von Schl\u00f6tter.]","robots":{"index":"index","follow":"follow","max-snippet":"max-snippet:-1","max-image-preview":"max-image-preview:large","max-video-preview":"max-video-preview:-1"},"canonical":"https:\/\/schloetter.de\/it\/processi\/nichel\/","og_locale":"it_IT","og_type":"article","og_title":"Nichel - Max Schl\u00f6tter GmbH &amp; Co. KG","og_description":"[Hier finden Sie Informationen zu Nickel-Verfahren (Matt- und Glanznickelb\u00e4der) aus dem Produktportfolio von Schl\u00f6tter.]","og_url":"https:\/\/schloetter.de\/it\/processi\/nichel\/","og_site_name":"Max Schl\u00f6tter GmbH &amp; Co. KG","article_modified_time":"2021-09-30T09:54:46+00:00","og_image":[{"width":2000,"height":706,"url":"https:\/\/schloetter.de\/wp-content\/uploads\/2020\/04\/schloetter-galvanotechnik-verfahren-nickel.jpg","type":"image\/jpeg"}],"twitter_card":"summary_large_image","schema":{"@context":"https:\/\/schema.org","@graph":[{"@type":"WebPage","@id":"https:\/\/schloetter.de\/it\/processi\/nichel\/","url":"https:\/\/schloetter.de\/it\/processi\/nichel\/","name":"Nichel - Max Schl\u00f6tter GmbH &amp; Co. KG","isPartOf":{"@id":"https:\/\/schloetter.de\/it\/#website"},"datePublished":"2019-08-30T11:14:06+00:00","dateModified":"2021-09-30T09:54:46+00:00","description":"[Hier finden Sie Informationen zu Nickel-Verfahren (Matt- und Glanznickelb\u00e4der) aus dem Produktportfolio von Schl\u00f6tter.]","breadcrumb":{"@id":"https:\/\/schloetter.de\/it\/processi\/nichel\/#breadcrumb"},"inLanguage":"it-IT","potentialAction":[{"@type":"ReadAction","target":["https:\/\/schloetter.de\/it\/processi\/nichel\/"]}]},{"@type":"BreadcrumbList","@id":"https:\/\/schloetter.de\/it\/processi\/nichel\/#breadcrumb","itemListElement":[{"@type":"ListItem","position":1,"name":"Home","item":"https:\/\/schloetter.de\/it\/"},{"@type":"ListItem","position":2,"name":"Processi","item":"https:\/\/schloetter.de\/it\/processi\/"},{"@type":"ListItem","position":3,"name":"Nichel"}]},{"@type":"WebSite","@id":"https:\/\/schloetter.de\/it\/#website","url":"https:\/\/schloetter.de\/it\/","name":"Max Schl\u00f6tter GmbH &amp; Co. KG","description":"Galvanotechnik vom Profi","potentialAction":[{"@type":"SearchAction","target":{"@type":"EntryPoint","urlTemplate":"https:\/\/schloetter.de\/it\/?s={search_term_string}"},"query-input":"required name=search_term_string"}],"inLanguage":"it-IT"}]}},"_links":{"self":[{"href":"https:\/\/schloetter.de\/it\/wp-json\/wp\/v2\/pages\/12223"}],"collection":[{"href":"https:\/\/schloetter.de\/it\/wp-json\/wp\/v2\/pages"}],"about":[{"href":"https:\/\/schloetter.de\/it\/wp-json\/wp\/v2\/types\/page"}],"author":[{"embeddable":true,"href":"https:\/\/schloetter.de\/it\/wp-json\/wp\/v2\/users\/1136"}],"replies":[{"embeddable":true,"href":"https:\/\/schloetter.de\/it\/wp-json\/wp\/v2\/comments?post=12223"}],"version-history":[{"count":0,"href":"https:\/\/schloetter.de\/it\/wp-json\/wp\/v2\/pages\/12223\/revisions"}],"up":[{"embeddable":true,"href":"https:\/\/schloetter.de\/it\/wp-json\/wp\/v2\/pages\/12207"}],"wp:featuredmedia":[{"embeddable":true,"href":"https:\/\/schloetter.de\/it\/wp-json\/wp\/v2\/media\/12224"}],"wp:attachment":[{"href":"https:\/\/schloetter.de\/it\/wp-json\/wp\/v2\/media?parent=12223"}],"curies":[{"name":"wp","href":"https:\/\/api.w.org\/{rel}","templated":true}]}}