{"id":12265,"date":"2020-04-29T09:28:46","date_gmt":"2020-04-29T09:28:46","guid":{"rendered":"https:\/\/schloetter.de\/slotodip-zincatura-a-caldo\/"},"modified":"2021-09-23T10:54:39","modified_gmt":"2021-09-23T10:54:39","slug":"slotodip-zincatura-a-caldo","status":"publish","type":"page","link":"https:\/\/schloetter.de\/it\/slotodip-zincatura-a-caldo\/","title":{"rendered":"SLOTODIP (zincatura a caldo)"},"content":{"rendered":"","protected":false},"excerpt":{"rendered":"","protected":false},"author":1136,"featured_media":12266,"parent":0,"menu_order":0,"comment_status":"closed","ping_status":"closed","template":"","meta":{"content-type":"","footnotes":""},"class_list":["post-12265","page","type-page","status-publish","has-post-thumbnail","hentry"],"yoast_head":"<!-- This site is optimized with the Yoast SEO plugin v22.1 - https:\/\/yoast.com\/wordpress\/plugins\/seo\/ -->\n<title>SLOTODIP (zincatura a caldo) - Max Schl\u00f6tter GmbH &amp; Co. KG<\/title>\n<meta name=\"description\" content=\"[Produkte von Schl\u00f6tter, die beim Feuerverzinken zum Einsatz kommen.] [Dazu z\u00e4hlen Entfetter, Beizentfetter und Versiegelungen.]\" \/>\n<meta name=\"robots\" content=\"index, follow, max-snippet:-1, max-image-preview:large, max-video-preview:-1\" \/>\n<link rel=\"canonical\" href=\"https:\/\/schloetter.de\/it\/slotodip-zincatura-a-caldo\/\" \/>\n<meta property=\"og:locale\" content=\"it_IT\" \/>\n<meta property=\"og:type\" content=\"article\" \/>\n<meta property=\"og:title\" content=\"SLOTODIP (zincatura a caldo) - Max Schl\u00f6tter GmbH &amp; Co. KG\" \/>\n<meta property=\"og:description\" content=\"[Produkte von Schl\u00f6tter, die beim Feuerverzinken zum Einsatz kommen.] [Dazu z\u00e4hlen Entfetter, Beizentfetter und Versiegelungen.]\" \/>\n<meta property=\"og:url\" content=\"https:\/\/schloetter.de\/it\/slotodip-zincatura-a-caldo\/\" \/>\n<meta property=\"og:site_name\" content=\"Max Schl\u00f6tter GmbH &amp; Co. KG\" \/>\n<meta property=\"article:modified_time\" content=\"2021-09-23T10:54:39+00:00\" \/>\n<meta property=\"og:image\" content=\"https:\/\/schloetter.de\/wp-content\/uploads\/2020\/04\/Feuerverzinken-scaled.jpg\" \/>\n\t<meta property=\"og:image:width\" content=\"2000\" \/>\n\t<meta property=\"og:image:height\" content=\"1713\" \/>\n\t<meta property=\"og:image:type\" content=\"image\/jpeg\" \/>\n<meta name=\"twitter:card\" content=\"summary_large_image\" \/>\n<script type=\"application\/ld+json\" class=\"yoast-schema-graph\">{\"@context\":\"https:\/\/schema.org\",\"@graph\":[{\"@type\":\"WebPage\",\"@id\":\"https:\/\/schloetter.de\/it\/slotodip-zincatura-a-caldo\/\",\"url\":\"https:\/\/schloetter.de\/it\/slotodip-zincatura-a-caldo\/\",\"name\":\"SLOTODIP (zincatura a caldo) - Max Schl\u00f6tter GmbH &amp; Co. KG\",\"isPartOf\":{\"@id\":\"https:\/\/schloetter.de\/it\/#website\"},\"datePublished\":\"2020-04-29T09:28:46+00:00\",\"dateModified\":\"2021-09-23T10:54:39+00:00\",\"description\":\"[Produkte von Schl\u00f6tter, die beim Feuerverzinken zum Einsatz kommen.] [Dazu z\u00e4hlen Entfetter, Beizentfetter und Versiegelungen.]\",\"breadcrumb\":{\"@id\":\"https:\/\/schloetter.de\/it\/slotodip-zincatura-a-caldo\/#breadcrumb\"},\"inLanguage\":\"it-IT\",\"potentialAction\":[{\"@type\":\"ReadAction\",\"target\":[\"https:\/\/schloetter.de\/it\/slotodip-zincatura-a-caldo\/\"]}]},{\"@type\":\"BreadcrumbList\",\"@id\":\"https:\/\/schloetter.de\/it\/slotodip-zincatura-a-caldo\/#breadcrumb\",\"itemListElement\":[{\"@type\":\"ListItem\",\"position\":1,\"name\":\"Home\",\"item\":\"https:\/\/schloetter.de\/it\/\"},{\"@type\":\"ListItem\",\"position\":2,\"name\":\"SLOTODIP (zincatura a caldo)\"}]},{\"@type\":\"WebSite\",\"@id\":\"https:\/\/schloetter.de\/it\/#website\",\"url\":\"https:\/\/schloetter.de\/it\/\",\"name\":\"Max Schl\u00f6tter GmbH &amp; Co. KG\",\"description\":\"Galvanotechnik vom Profi\",\"potentialAction\":[{\"@type\":\"SearchAction\",\"target\":{\"@type\":\"EntryPoint\",\"urlTemplate\":\"https:\/\/schloetter.de\/it\/?s={search_term_string}\"},\"query-input\":\"required name=search_term_string\"}],\"inLanguage\":\"it-IT\"}]}<\/script>\n<!-- \/ Yoast SEO plugin. -->","yoast_head_json":{"title":"SLOTODIP (zincatura a caldo) - Max Schl\u00f6tter GmbH &amp; Co. KG","description":"[Produkte von Schl\u00f6tter, die beim Feuerverzinken zum Einsatz kommen.] [Dazu z\u00e4hlen Entfetter, Beizentfetter und Versiegelungen.]","robots":{"index":"index","follow":"follow","max-snippet":"max-snippet:-1","max-image-preview":"max-image-preview:large","max-video-preview":"max-video-preview:-1"},"canonical":"https:\/\/schloetter.de\/it\/slotodip-zincatura-a-caldo\/","og_locale":"it_IT","og_type":"article","og_title":"SLOTODIP (zincatura a caldo) - Max Schl\u00f6tter GmbH &amp; Co. KG","og_description":"[Produkte von Schl\u00f6tter, die beim Feuerverzinken zum Einsatz kommen.] [Dazu z\u00e4hlen Entfetter, Beizentfetter und Versiegelungen.]","og_url":"https:\/\/schloetter.de\/it\/slotodip-zincatura-a-caldo\/","og_site_name":"Max Schl\u00f6tter GmbH &amp; Co. KG","article_modified_time":"2021-09-23T10:54:39+00:00","og_image":[{"width":2000,"height":1713,"url":"https:\/\/schloetter.de\/wp-content\/uploads\/2020\/04\/Feuerverzinken-scaled.jpg","type":"image\/jpeg"}],"twitter_card":"summary_large_image","schema":{"@context":"https:\/\/schema.org","@graph":[{"@type":"WebPage","@id":"https:\/\/schloetter.de\/it\/slotodip-zincatura-a-caldo\/","url":"https:\/\/schloetter.de\/it\/slotodip-zincatura-a-caldo\/","name":"SLOTODIP (zincatura a caldo) - Max Schl\u00f6tter GmbH &amp; Co. KG","isPartOf":{"@id":"https:\/\/schloetter.de\/it\/#website"},"datePublished":"2020-04-29T09:28:46+00:00","dateModified":"2021-09-23T10:54:39+00:00","description":"[Produkte von Schl\u00f6tter, die beim Feuerverzinken zum Einsatz kommen.] [Dazu z\u00e4hlen Entfetter, Beizentfetter und Versiegelungen.]","breadcrumb":{"@id":"https:\/\/schloetter.de\/it\/slotodip-zincatura-a-caldo\/#breadcrumb"},"inLanguage":"it-IT","potentialAction":[{"@type":"ReadAction","target":["https:\/\/schloetter.de\/it\/slotodip-zincatura-a-caldo\/"]}]},{"@type":"BreadcrumbList","@id":"https:\/\/schloetter.de\/it\/slotodip-zincatura-a-caldo\/#breadcrumb","itemListElement":[{"@type":"ListItem","position":1,"name":"Home","item":"https:\/\/schloetter.de\/it\/"},{"@type":"ListItem","position":2,"name":"SLOTODIP (zincatura a caldo)"}]},{"@type":"WebSite","@id":"https:\/\/schloetter.de\/it\/#website","url":"https:\/\/schloetter.de\/it\/","name":"Max Schl\u00f6tter GmbH &amp; Co. KG","description":"Galvanotechnik vom Profi","potentialAction":[{"@type":"SearchAction","target":{"@type":"EntryPoint","urlTemplate":"https:\/\/schloetter.de\/it\/?s={search_term_string}"},"query-input":"required name=search_term_string"}],"inLanguage":"it-IT"}]}},"_links":{"self":[{"href":"https:\/\/schloetter.de\/it\/wp-json\/wp\/v2\/pages\/12265"}],"collection":[{"href":"https:\/\/schloetter.de\/it\/wp-json\/wp\/v2\/pages"}],"about":[{"href":"https:\/\/schloetter.de\/it\/wp-json\/wp\/v2\/types\/page"}],"author":[{"embeddable":true,"href":"https:\/\/schloetter.de\/it\/wp-json\/wp\/v2\/users\/1136"}],"replies":[{"embeddable":true,"href":"https:\/\/schloetter.de\/it\/wp-json\/wp\/v2\/comments?post=12265"}],"version-history":[{"count":0,"href":"https:\/\/schloetter.de\/it\/wp-json\/wp\/v2\/pages\/12265\/revisions"}],"wp:featuredmedia":[{"embeddable":true,"href":"https:\/\/schloetter.de\/it\/wp-json\/wp\/v2\/media\/12266"}],"wp:attachment":[{"href":"https:\/\/schloetter.de\/it\/wp-json\/wp\/v2\/media?parent=12265"}],"curies":[{"name":"wp","href":"https:\/\/api.w.org\/{rel}","templated":true}]}}