{"id":12298,"date":"2019-07-29T13:09:00","date_gmt":"2019-07-29T13:09:00","guid":{"rendered":"https:\/\/schloetter.de\/ritiro-dei-contenitori-vuoti\/"},"modified":"2021-09-30T14:42:59","modified_gmt":"2021-09-30T14:42:59","slug":"ritiro-dei-contenitori-vuoti","status":"publish","type":"page","link":"https:\/\/schloetter.de\/it\/ritiro-dei-contenitori-vuoti\/","title":{"rendered":"Ritiro dei contenitori vuoti"},"content":{"rendered":"","protected":false},"excerpt":{"rendered":"","protected":false},"author":1136,"featured_media":0,"parent":0,"menu_order":0,"comment_status":"closed","ping_status":"closed","template":"","meta":{"content-type":"","footnotes":""},"class_list":["post-12298","page","type-page","status-publish","hentry"],"yoast_head":"<!-- This site is optimized with the Yoast SEO plugin v22.1 - https:\/\/yoast.com\/wordpress\/plugins\/seo\/ -->\n<title>[Schl\u00f6tter - Leergebinde und R\u00fccknahme.] [Abholung &amp; Recycling ]<\/title>\n<meta name=\"description\" content=\"[Leergebinde-R\u00fccknahme bei uns. ] [Abholung &amp; Recycling von Leergebinden, Kanistern, F\u00e4ssern und Eimern Ihrer Chemikalien. ] [Ein Plus f\u00fcr Natur und Umweltschutz.]\" \/>\n<meta name=\"robots\" content=\"index, follow, max-snippet:-1, max-image-preview:large, max-video-preview:-1\" \/>\n<link rel=\"canonical\" href=\"https:\/\/schloetter.de\/it\/ritiro-dei-contenitori-vuoti\/\" \/>\n<meta property=\"og:locale\" content=\"it_IT\" \/>\n<meta property=\"og:type\" content=\"article\" \/>\n<meta property=\"og:title\" content=\"[Schl\u00f6tter - Leergebinde und R\u00fccknahme.] [Abholung &amp; Recycling ]\" \/>\n<meta property=\"og:description\" content=\"[Leergebinde-R\u00fccknahme bei uns. ] [Abholung &amp; Recycling von Leergebinden, Kanistern, F\u00e4ssern und Eimern Ihrer Chemikalien. ] [Ein Plus f\u00fcr Natur und Umweltschutz.]\" \/>\n<meta property=\"og:url\" content=\"https:\/\/schloetter.de\/it\/ritiro-dei-contenitori-vuoti\/\" \/>\n<meta property=\"og:site_name\" content=\"Max Schl\u00f6tter GmbH &amp; Co. KG\" \/>\n<meta property=\"article:modified_time\" content=\"2021-09-30T14:42:59+00:00\" \/>\n<meta name=\"twitter:card\" content=\"summary_large_image\" \/>\n<script type=\"application\/ld+json\" class=\"yoast-schema-graph\">{\"@context\":\"https:\/\/schema.org\",\"@graph\":[{\"@type\":\"WebPage\",\"@id\":\"https:\/\/schloetter.de\/it\/ritiro-dei-contenitori-vuoti\/\",\"url\":\"https:\/\/schloetter.de\/it\/ritiro-dei-contenitori-vuoti\/\",\"name\":\"[Schl\u00f6tter - Leergebinde und R\u00fccknahme.] [Abholung & Recycling ]\",\"isPartOf\":{\"@id\":\"https:\/\/schloetter.de\/it\/#website\"},\"datePublished\":\"2019-07-29T13:09:00+00:00\",\"dateModified\":\"2021-09-30T14:42:59+00:00\",\"description\":\"[Leergebinde-R\u00fccknahme bei uns. ] [Abholung & Recycling von Leergebinden, Kanistern, F\u00e4ssern und Eimern Ihrer Chemikalien. ] [Ein Plus f\u00fcr Natur und Umweltschutz.]\",\"breadcrumb\":{\"@id\":\"https:\/\/schloetter.de\/it\/ritiro-dei-contenitori-vuoti\/#breadcrumb\"},\"inLanguage\":\"it-IT\",\"potentialAction\":[{\"@type\":\"ReadAction\",\"target\":[\"https:\/\/schloetter.de\/it\/ritiro-dei-contenitori-vuoti\/\"]}]},{\"@type\":\"BreadcrumbList\",\"@id\":\"https:\/\/schloetter.de\/it\/ritiro-dei-contenitori-vuoti\/#breadcrumb\",\"itemListElement\":[{\"@type\":\"ListItem\",\"position\":1,\"name\":\"Home\",\"item\":\"https:\/\/schloetter.de\/it\/\"},{\"@type\":\"ListItem\",\"position\":2,\"name\":\"Ritiro dei contenitori vuoti\"}]},{\"@type\":\"WebSite\",\"@id\":\"https:\/\/schloetter.de\/it\/#website\",\"url\":\"https:\/\/schloetter.de\/it\/\",\"name\":\"Max Schl\u00f6tter GmbH &amp; Co. KG\",\"description\":\"Galvanotechnik vom Profi\",\"potentialAction\":[{\"@type\":\"SearchAction\",\"target\":{\"@type\":\"EntryPoint\",\"urlTemplate\":\"https:\/\/schloetter.de\/it\/?s={search_term_string}\"},\"query-input\":\"required name=search_term_string\"}],\"inLanguage\":\"it-IT\"}]}<\/script>\n<!-- \/ Yoast SEO plugin. -->","yoast_head_json":{"title":"[Schl\u00f6tter - Leergebinde und R\u00fccknahme.] [Abholung & Recycling ]","description":"[Leergebinde-R\u00fccknahme bei uns. ] [Abholung & Recycling von Leergebinden, Kanistern, F\u00e4ssern und Eimern Ihrer Chemikalien. ] [Ein Plus f\u00fcr Natur und Umweltschutz.]","robots":{"index":"index","follow":"follow","max-snippet":"max-snippet:-1","max-image-preview":"max-image-preview:large","max-video-preview":"max-video-preview:-1"},"canonical":"https:\/\/schloetter.de\/it\/ritiro-dei-contenitori-vuoti\/","og_locale":"it_IT","og_type":"article","og_title":"[Schl\u00f6tter - Leergebinde und R\u00fccknahme.] [Abholung & Recycling ]","og_description":"[Leergebinde-R\u00fccknahme bei uns. ] [Abholung & Recycling von Leergebinden, Kanistern, F\u00e4ssern und Eimern Ihrer Chemikalien. ] [Ein Plus f\u00fcr Natur und Umweltschutz.]","og_url":"https:\/\/schloetter.de\/it\/ritiro-dei-contenitori-vuoti\/","og_site_name":"Max Schl\u00f6tter GmbH &amp; Co. KG","article_modified_time":"2021-09-30T14:42:59+00:00","twitter_card":"summary_large_image","schema":{"@context":"https:\/\/schema.org","@graph":[{"@type":"WebPage","@id":"https:\/\/schloetter.de\/it\/ritiro-dei-contenitori-vuoti\/","url":"https:\/\/schloetter.de\/it\/ritiro-dei-contenitori-vuoti\/","name":"[Schl\u00f6tter - Leergebinde und R\u00fccknahme.] [Abholung & Recycling ]","isPartOf":{"@id":"https:\/\/schloetter.de\/it\/#website"},"datePublished":"2019-07-29T13:09:00+00:00","dateModified":"2021-09-30T14:42:59+00:00","description":"[Leergebinde-R\u00fccknahme bei uns. ] [Abholung & Recycling von Leergebinden, Kanistern, F\u00e4ssern und Eimern Ihrer Chemikalien. ] [Ein Plus f\u00fcr Natur und Umweltschutz.]","breadcrumb":{"@id":"https:\/\/schloetter.de\/it\/ritiro-dei-contenitori-vuoti\/#breadcrumb"},"inLanguage":"it-IT","potentialAction":[{"@type":"ReadAction","target":["https:\/\/schloetter.de\/it\/ritiro-dei-contenitori-vuoti\/"]}]},{"@type":"BreadcrumbList","@id":"https:\/\/schloetter.de\/it\/ritiro-dei-contenitori-vuoti\/#breadcrumb","itemListElement":[{"@type":"ListItem","position":1,"name":"Home","item":"https:\/\/schloetter.de\/it\/"},{"@type":"ListItem","position":2,"name":"Ritiro dei contenitori vuoti"}]},{"@type":"WebSite","@id":"https:\/\/schloetter.de\/it\/#website","url":"https:\/\/schloetter.de\/it\/","name":"Max Schl\u00f6tter GmbH &amp; Co. KG","description":"Galvanotechnik vom Profi","potentialAction":[{"@type":"SearchAction","target":{"@type":"EntryPoint","urlTemplate":"https:\/\/schloetter.de\/it\/?s={search_term_string}"},"query-input":"required name=search_term_string"}],"inLanguage":"it-IT"}]}},"_links":{"self":[{"href":"https:\/\/schloetter.de\/it\/wp-json\/wp\/v2\/pages\/12298"}],"collection":[{"href":"https:\/\/schloetter.de\/it\/wp-json\/wp\/v2\/pages"}],"about":[{"href":"https:\/\/schloetter.de\/it\/wp-json\/wp\/v2\/types\/page"}],"author":[{"embeddable":true,"href":"https:\/\/schloetter.de\/it\/wp-json\/wp\/v2\/users\/1136"}],"replies":[{"embeddable":true,"href":"https:\/\/schloetter.de\/it\/wp-json\/wp\/v2\/comments?post=12298"}],"version-history":[{"count":0,"href":"https:\/\/schloetter.de\/it\/wp-json\/wp\/v2\/pages\/12298\/revisions"}],"wp:attachment":[{"href":"https:\/\/schloetter.de\/it\/wp-json\/wp\/v2\/media?parent=12298"}],"curies":[{"name":"wp","href":"https:\/\/api.w.org\/{rel}","templated":true}]}}